{"id":1756,"date":"2019-01-06T19:39:23","date_gmt":"2019-01-06T17:39:23","guid":{"rendered":"http:\/\/fayyadgroup.com\/?page_id=1756"},"modified":"2019-01-15T15:10:32","modified_gmt":"2019-01-15T13:10:32","slug":"hakkimizda","status":"publish","type":"page","link":"https:\/\/fayyadgroup.com\/ar\/hakkimizda\/","title":{"rendered":"\u062d\u0648\u0644 \u0627\u0644\u0648\u0644\u0627\u064a\u0627\u062a \u0627\u0644\u0645\u062a\u062d\u062f\u0629"},"content":{"rendered":"<div class=\"wpb-content-wrapper\"><p>[vc_row css=&#8221;.vc_custom_1546929909164{margin-top: 80px !important;margin-bottom: 80px !important;background-color: #bababa !important;}&#8221;][vc_column][vc_raw_html]JTNDYnIlM0U=[\/vc_raw_html]\n\t<h2 class=\"header-main\"\n\t                                                 style=\"color: ; background-color: #bababa;\">\u062d\u0648\u0644 \u0627\u0644\u0648\u0644\u0627\u064a\u0627\u062a \u0627\u0644\u0645\u062a\u062d\u062f\u0629<\/h2>\n\t<span class=\"header-sub\" style=\"color: #bababa; background-color: #bababa;\"><\/span>\n\n\t[vc_raw_html]JTNDYnIlM0UlMEE=[\/vc_raw_html][\/vc_column][\/vc_row][vc_row css=&#8221;.vc_custom_1546855823043{padding-right: 30px !important;}&#8221;][vc_column width=&#8221;1\/2&#8243;][vc_column_text css_animation=&#8221;fadeInLeft&#8221; css=&#8221;.vc_custom_1546854929623{padding-right: 100px !important;padding-left: 100px !important;}&#8221;]FAYYAD Group, 2015 y\u0131l\u0131nda kurulmu\u015f bir dan\u0131\u015fmanl\u0131k \u015firketidir. Deneyimli profesyonellerle \u00e7al\u0131\u015farak katma de\u011fer yarat\u0131r.<\/p>\n<p>Firmam\u0131z\u0131n i\u00e7in en de\u011ferli yat\u0131r\u0131m \u201cinsan\u201dd\u0131r. Ulusal ve uluslararas\u0131 alanlarda faaliyet g\u00f6steren firmam\u0131z din, dil, \u0131rk, cinsiyet ve siyasi g\u00f6r\u00fc\u015f ay\u0131rt etmeksizin; g\u00fcvenilir, d\u00fcr\u00fcst, tutarl\u0131, prensiplerinden \u00f6d\u00fcn vermeyen yakla\u015f\u0131m\u0131yla \u00e7al\u0131\u015fanlar\u0131n\u0131n niteli\u011fini s\u00fcrekli art\u0131rarak bireysel geli\u015fimlerine katk\u0131da bulunmaktad\u0131r. Temiz, sa\u011fl\u0131kl\u0131, sevgi ve sayg\u0131 dolu \u00e7al\u0131\u015fma ortam\u0131nda hizmet \u00fcretmeyi ilke edinerek m\u00fckemmeliyet\u00e7ilik anlay\u0131\u015f\u0131ndan asla vazge\u00e7ilmemektedir.<\/p>\n<p>Bilgi; Servis, \u00dcretim ve Ekonomik De\u011fere d\u00f6n\u00fc\u015ft\u00fcrme amac\u0131 ile y\u00f6netilen firmam\u0131z, 5 y\u0131ll\u0131k tecr\u00fcbesiyle bir\u00e7ok konuda m\u00fc\u015fterilerine hizmet vermektedir.\u00a0Say\u0131s\u0131z platformda ba\u015far\u0131lara imza atan FAYYAD GRUP, T\u00fcrkiye ekonomisine b\u00fcy\u00fck katk\u0131 sa\u011flayarak her ge\u00e7en g\u00fcn b\u00fcy\u00fcmektedir.<\/p>\n<h1>Misyon &amp; Vizyon<\/h1>\n<p><strong>Misyonumuz:<\/strong><br \/>\nBiz; Kaliteli projeler \u00fcreterek hizmet verdi\u011fimiz kurum ve kurulu\u015flar\u0131n rekabet g\u00fc\u00e7lerini art\u0131rmaya y\u00f6nelik yapacaklar\u0131 yat\u0131r\u0131mlara hibe deste\u011fi almalar\u0131n\u0131 sa\u011flamak, b\u00f6ylece ulusal kalk\u0131nmada \u00f6nemli rol \u00fcstlenmek i\u00e7in var\u0131z.<\/p>\n<p><strong>Vizyonumuz:<\/strong><br \/>\nUlusal bazda s\u00fcrd\u00fcrd\u00fc\u011f\u00fcm\u00fcz liderli\u011fimizi uluslararas\u0131 boyuta ta\u015f\u0131mak ve dan\u0131\u015fmanl\u0131k alan\u0131nda t\u00fcm d\u00fcnyada tan\u0131nan firmalar aras\u0131nda yer almakt\u0131r.[\/vc_column_text][\/vc_column][vc_column width=&#8221;1\/2&#8243;][vc_single_image image=&#8221;1760&#8243; img_size=&#8221;full&#8221; alignment=&#8221;center&#8221; css_animation=&#8221;bounceInRight&#8221;][\/vc_column][\/vc_row][vc_row css=&#8221;.vc_custom_1546855843723{padding-right: 30px !important;padding-left: 30px !important;}&#8221;][vc_column css=&#8221;.vc_custom_1546856048023{padding-right: 20px !important;padding-left: 80px !important;}&#8221;]\n<div class=\"wpcf7 no-js\" id=\"wpcf7-f113-o3\" lang=\"en-US\" dir=\"ltr\">\n<div class=\"screen-reader-response\"><p role=\"status\" aria-live=\"polite\" aria-atomic=\"true\"><\/p> <ul><\/ul><\/div>\n<form action=\"\/ar\/wp-json\/wp\/v2\/pages\/1756#wpcf7-f113-o3\" method=\"post\" class=\"wpcf7-form init\" aria-label=\"Contact form\" novalidate=\"novalidate\" data-status=\"init\">\n<div style=\"display: none;\">\n<input type=\"hidden\" name=\"_wpcf7\" value=\"113\" \/>\n<input type=\"hidden\" name=\"_wpcf7_version\" value=\"5.9.5\" \/>\n<input type=\"hidden\" name=\"_wpcf7_locale\" value=\"en_US\" \/>\n<input type=\"hidden\" name=\"_wpcf7_unit_tag\" value=\"wpcf7-f113-o3\" \/>\n<input type=\"hidden\" name=\"_wpcf7_container_post\" value=\"0\" \/>\n<input type=\"hidden\" name=\"_wpcf7_posted_data_hash\" value=\"\" \/>\n<\/div>\n<div class=\"form-group\">\n\t<p><span class=\"wpcf7-form-control-wrap\" data-name=\"name\"><input size=\"40\" class=\"wpcf7-form-control wpcf7-text wpcf7-validates-as-required form-control\" aria-required=\"true\" aria-invalid=\"false\" placeholder=\"Name *\" value=\"\" type=\"text\" name=\"name\" \/><\/span>\n\t<\/p>\n<\/div>\n<div class=\"form-group\">\n\t<p><span class=\"wpcf7-form-control-wrap\" data-name=\"email\"><input size=\"40\" class=\"wpcf7-form-control wpcf7-email wpcf7-validates-as-required wpcf7-text wpcf7-validates-as-email form-control\" aria-required=\"true\" aria-invalid=\"false\" placeholder=\"Email *\" value=\"\" type=\"email\" name=\"email\" \/><\/span>\n\t<\/p>\n<\/div>\n<p><input class=\"wpcf7-form-control wpcf7-submit has-spinner btn btn-default btn-wide\" type=\"submit\" value=\"Send\" \/>\n<\/p><div class=\"wpcf7-response-output\" aria-hidden=\"true\"><\/div>\n<\/form>\n<\/div>\n[\/vc_column][\/vc_row]<\/p>\n<\/div>","protected":false},"excerpt":{"rendered":"<p>[vc_row css=&#8221;.vc_custom_1546929909164{margin-top: 80px !important;margin-bottom: 80px !important;background-color: #bababa !important;}&#8221;][vc_column][vc_raw_html]JTNDYnIlM0U=[\/vc_raw_html][vc_raw_html]JTNDYnIlM0UlMEE=[\/vc_raw_html][\/vc_column][\/vc_row][vc_row css=&#8221;.vc_custom_1546855823043{padding-right: 30px !important;}&#8221;][vc_column width=&#8221;1\/2&#8243;][vc_column_text css_animation=&#8221;fadeInLeft&#8221; css=&#8221;.vc_custom_1546854929623{padding-right: 100px !important;padding-left: 100px !important;}&#8221;]FAYYAD Group, 2015 y\u0131l\u0131nda kurulmu\u015f bir dan\u0131\u015fmanl\u0131k \u015firketidir. Deneyimli profesyonellerle \u00e7al\u0131\u015farak katma de\u011fer yarat\u0131r. Firmam\u0131z\u0131n i\u00e7in en de\u011ferli yat\u0131r\u0131m \u201cinsan\u201dd\u0131r. Ulusal ve uluslararas\u0131 alanlarda faaliyet g\u00f6steren firmam\u0131z din, dil, \u0131rk, cinsiyet ve siyasi g\u00f6r\u00fc\u015f ay\u0131rt etmeksizin; g\u00fcvenilir, d\u00fcr\u00fcst,&#8230;<\/p>\n","protected":false},"author":1,"featured_media":0,"parent":0,"menu_order":0,"comment_status":"closed","ping_status":"open","template":"page-full-onepage.php","meta":{"footnotes":""},"class_list":["post-1756","page","type-page","status-publish","hentry"],"yoast_head":"<!-- This site is optimized with the Yoast SEO plugin v24.2 - https:\/\/yoast.com\/wordpress\/plugins\/seo\/ -->\n<title>\u062d\u0648\u0644 \u0627\u0644\u0648\u0644\u0627\u064a\u0627\u062a \u0627\u0644\u0645\u062a\u062d\u062f\u0629 - Fayyad Group<\/title>\n<meta name=\"robots\" content=\"index, follow, max-snippet:-1, max-image-preview:large, max-video-preview:-1\" \/>\n<link rel=\"canonical\" href=\"https:\/\/fayyadgroup.com\/hakkimizda\/\" \/>\n<meta property=\"og:locale\" content=\"ar_AR\" \/>\n<meta property=\"og:type\" content=\"article\" \/>\n<meta property=\"og:title\" content=\"\u062d\u0648\u0644 \u0627\u0644\u0648\u0644\u0627\u064a\u0627\u062a \u0627\u0644\u0645\u062a\u062d\u062f\u0629 - Fayyad Group\" \/>\n<meta property=\"og:description\" content=\"[vc_row css=&#8221;.vc_custom_1546929909164{margin-top: 80px !important;margin-bottom: 80px !important;background-color: #bababa !important;}&#8221;][vc_column][vc_raw_html]JTNDYnIlM0U=[\/vc_raw_html][vc_raw_html]JTNDYnIlM0UlMEE=[\/vc_raw_html][\/vc_column][\/vc_row][vc_row css=&#8221;.vc_custom_1546855823043{padding-right: 30px !important;}&#8221;][vc_column width=&#8221;1\/2&#8243;][vc_column_text css_animation=&#8221;fadeInLeft&#8221; css=&#8221;.vc_custom_1546854929623{padding-right: 100px !important;padding-left: 100px !important;}&#8221;]FAYYAD Group, 2015 y\u0131l\u0131nda kurulmu\u015f bir dan\u0131\u015fmanl\u0131k \u015firketidir. Deneyimli profesyonellerle \u00e7al\u0131\u015farak katma de\u011fer yarat\u0131r. Firmam\u0131z\u0131n i\u00e7in en de\u011ferli yat\u0131r\u0131m \u201cinsan\u201dd\u0131r. Ulusal ve uluslararas\u0131 alanlarda faaliyet g\u00f6steren firmam\u0131z din, dil, \u0131rk, cinsiyet ve siyasi g\u00f6r\u00fc\u015f ay\u0131rt etmeksizin; g\u00fcvenilir, d\u00fcr\u00fcst,...\" \/>\n<meta property=\"og:url\" content=\"https:\/\/fayyadgroup.com\/hakkimizda\/\" \/>\n<meta property=\"og:site_name\" content=\"Fayyad Group\" \/>\n<meta property=\"article:publisher\" content=\"https:\/\/www.facebook.com\/fayyadgroup\/?modal=admin_todo_tour\" \/>\n<meta property=\"article:modified_time\" content=\"2019-01-15T13:10:32+00:00\" \/>\n<meta name=\"twitter:card\" content=\"summary_large_image\" \/>\n<meta name=\"twitter:label1\" content=\"\u0648\u0642\u062a \u0627\u0644\u0642\u0631\u0627\u0621\u0629 \u0627\u0644\u0645\u064f\u0642\u062f\u0651\u0631\" \/>\n\t<meta name=\"twitter:data1\" content=\"5 \u062f\u0642\u0627\u0626\u0642\" \/>\n<script type=\"application\/ld+json\" class=\"yoast-schema-graph\">{\"@context\":\"https:\/\/schema.org\",\"@graph\":[{\"@type\":\"WebPage\",\"@id\":\"https:\/\/fayyadgroup.com\/hakkimizda\/\",\"url\":\"https:\/\/fayyadgroup.com\/hakkimizda\/\",\"name\":\"\u062d\u0648\u0644 \u0627\u0644\u0648\u0644\u0627\u064a\u0627\u062a \u0627\u0644\u0645\u062a\u062d\u062f\u0629 - Fayyad Group\",\"isPartOf\":{\"@id\":\"https:\/\/fayyadgroup.com\/#website\"},\"datePublished\":\"2019-01-06T17:39:23+00:00\",\"dateModified\":\"2019-01-15T13:10:32+00:00\",\"breadcrumb\":{\"@id\":\"https:\/\/fayyadgroup.com\/hakkimizda\/#breadcrumb\"},\"inLanguage\":\"ar\",\"potentialAction\":[{\"@type\":\"ReadAction\",\"target\":[\"https:\/\/fayyadgroup.com\/hakkimizda\/\"]}]},{\"@type\":\"BreadcrumbList\",\"@id\":\"https:\/\/fayyadgroup.com\/hakkimizda\/#breadcrumb\",\"itemListElement\":[{\"@type\":\"ListItem\",\"position\":1,\"name\":\"Ana sayfa\",\"item\":\"https:\/\/fayyadgroup.com\/\"},{\"@type\":\"ListItem\",\"position\":2,\"name\":\"HAKKIMIZDA\"}]},{\"@type\":\"WebSite\",\"@id\":\"https:\/\/fayyadgroup.com\/#website\",\"url\":\"https:\/\/fayyadgroup.com\/\",\"name\":\"Fayyad Group\",\"description\":\"\u062e\u062f\u0645\u0627\u062a \u0627\u0633\u062a\u0634\u0627\u0631\u064a\u0629 \u0648\u0627\u0633\u062a\u062b\u0645\u0627\u0631\u064a\u0629\",\"publisher\":{\"@id\":\"https:\/\/fayyadgroup.com\/#organization\"},\"potentialAction\":[{\"@type\":\"SearchAction\",\"target\":{\"@type\":\"EntryPoint\",\"urlTemplate\":\"https:\/\/fayyadgroup.com\/?s={search_term_string}\"},\"query-input\":{\"@type\":\"PropertyValueSpecification\",\"valueRequired\":true,\"valueName\":\"search_term_string\"}}],\"inLanguage\":\"ar\"},{\"@type\":\"Organization\",\"@id\":\"https:\/\/fayyadgroup.com\/#organization\",\"name\":\"Fayyad Group\",\"url\":\"https:\/\/fayyadgroup.com\/\",\"logo\":{\"@type\":\"ImageObject\",\"inLanguage\":\"ar\",\"@id\":\"https:\/\/fayyadgroup.com\/#\/schema\/logo\/image\/\",\"url\":\"https:\/\/fayyadgroup.com\/wp-content\/uploads\/2019\/01\/ovallogo.png\",\"contentUrl\":\"https:\/\/fayyadgroup.com\/wp-content\/uploads\/2019\/01\/ovallogo.png\",\"width\":834,\"height\":836,\"caption\":\"Fayyad Group\"},\"image\":{\"@id\":\"https:\/\/fayyadgroup.com\/#\/schema\/logo\/image\/\"},\"sameAs\":[\"https:\/\/www.facebook.com\/fayyadgroup\/?modal=admin_todo_tour\",\"https:\/\/www.instagram.com\/fayyad.group\/\"]}]}<\/script>\n<!-- \/ Yoast SEO plugin. -->","yoast_head_json":{"title":"\u062d\u0648\u0644 \u0627\u0644\u0648\u0644\u0627\u064a\u0627\u062a \u0627\u0644\u0645\u062a\u062d\u062f\u0629 - Fayyad Group","robots":{"index":"index","follow":"follow","max-snippet":"max-snippet:-1","max-image-preview":"max-image-preview:large","max-video-preview":"max-video-preview:-1"},"canonical":"https:\/\/fayyadgroup.com\/hakkimizda\/","og_locale":"ar_AR","og_type":"article","og_title":"\u062d\u0648\u0644 \u0627\u0644\u0648\u0644\u0627\u064a\u0627\u062a \u0627\u0644\u0645\u062a\u062d\u062f\u0629 - Fayyad Group","og_description":"[vc_row css=&#8221;.vc_custom_1546929909164{margin-top: 80px !important;margin-bottom: 80px !important;background-color: #bababa !important;}&#8221;][vc_column][vc_raw_html]JTNDYnIlM0U=[\/vc_raw_html][vc_raw_html]JTNDYnIlM0UlMEE=[\/vc_raw_html][\/vc_column][\/vc_row][vc_row css=&#8221;.vc_custom_1546855823043{padding-right: 30px !important;}&#8221;][vc_column width=&#8221;1\/2&#8243;][vc_column_text css_animation=&#8221;fadeInLeft&#8221; css=&#8221;.vc_custom_1546854929623{padding-right: 100px !important;padding-left: 100px !important;}&#8221;]FAYYAD Group, 2015 y\u0131l\u0131nda kurulmu\u015f bir dan\u0131\u015fmanl\u0131k \u015firketidir. Deneyimli profesyonellerle \u00e7al\u0131\u015farak katma de\u011fer yarat\u0131r. Firmam\u0131z\u0131n i\u00e7in en de\u011ferli yat\u0131r\u0131m \u201cinsan\u201dd\u0131r. Ulusal ve uluslararas\u0131 alanlarda faaliyet g\u00f6steren firmam\u0131z din, dil, \u0131rk, cinsiyet ve siyasi g\u00f6r\u00fc\u015f ay\u0131rt etmeksizin; g\u00fcvenilir, d\u00fcr\u00fcst,...","og_url":"https:\/\/fayyadgroup.com\/hakkimizda\/","og_site_name":"Fayyad Group","article_publisher":"https:\/\/www.facebook.com\/fayyadgroup\/?modal=admin_todo_tour","article_modified_time":"2019-01-15T13:10:32+00:00","twitter_card":"summary_large_image","twitter_misc":{"\u0648\u0642\u062a \u0627\u0644\u0642\u0631\u0627\u0621\u0629 \u0627\u0644\u0645\u064f\u0642\u062f\u0651\u0631":"5 \u062f\u0642\u0627\u0626\u0642"},"schema":{"@context":"https:\/\/schema.org","@graph":[{"@type":"WebPage","@id":"https:\/\/fayyadgroup.com\/hakkimizda\/","url":"https:\/\/fayyadgroup.com\/hakkimizda\/","name":"\u062d\u0648\u0644 \u0627\u0644\u0648\u0644\u0627\u064a\u0627\u062a \u0627\u0644\u0645\u062a\u062d\u062f\u0629 - Fayyad Group","isPartOf":{"@id":"https:\/\/fayyadgroup.com\/#website"},"datePublished":"2019-01-06T17:39:23+00:00","dateModified":"2019-01-15T13:10:32+00:00","breadcrumb":{"@id":"https:\/\/fayyadgroup.com\/hakkimizda\/#breadcrumb"},"inLanguage":"ar","potentialAction":[{"@type":"ReadAction","target":["https:\/\/fayyadgroup.com\/hakkimizda\/"]}]},{"@type":"BreadcrumbList","@id":"https:\/\/fayyadgroup.com\/hakkimizda\/#breadcrumb","itemListElement":[{"@type":"ListItem","position":1,"name":"Ana sayfa","item":"https:\/\/fayyadgroup.com\/"},{"@type":"ListItem","position":2,"name":"HAKKIMIZDA"}]},{"@type":"WebSite","@id":"https:\/\/fayyadgroup.com\/#website","url":"https:\/\/fayyadgroup.com\/","name":"Fayyad Group","description":"\u062e\u062f\u0645\u0627\u062a \u0627\u0633\u062a\u0634\u0627\u0631\u064a\u0629 \u0648\u0627\u0633\u062a\u062b\u0645\u0627\u0631\u064a\u0629","publisher":{"@id":"https:\/\/fayyadgroup.com\/#organization"},"potentialAction":[{"@type":"SearchAction","target":{"@type":"EntryPoint","urlTemplate":"https:\/\/fayyadgroup.com\/?s={search_term_string}"},"query-input":{"@type":"PropertyValueSpecification","valueRequired":true,"valueName":"search_term_string"}}],"inLanguage":"ar"},{"@type":"Organization","@id":"https:\/\/fayyadgroup.com\/#organization","name":"Fayyad Group","url":"https:\/\/fayyadgroup.com\/","logo":{"@type":"ImageObject","inLanguage":"ar","@id":"https:\/\/fayyadgroup.com\/#\/schema\/logo\/image\/","url":"https:\/\/fayyadgroup.com\/wp-content\/uploads\/2019\/01\/ovallogo.png","contentUrl":"https:\/\/fayyadgroup.com\/wp-content\/uploads\/2019\/01\/ovallogo.png","width":834,"height":836,"caption":"Fayyad Group"},"image":{"@id":"https:\/\/fayyadgroup.com\/#\/schema\/logo\/image\/"},"sameAs":["https:\/\/www.facebook.com\/fayyadgroup\/?modal=admin_todo_tour","https:\/\/www.instagram.com\/fayyad.group\/"]}]}},"_links":{"self":[{"href":"https:\/\/fayyadgroup.com\/ar\/wp-json\/wp\/v2\/pages\/1756","targetHints":{"allow":["GET"]}}],"collection":[{"href":"https:\/\/fayyadgroup.com\/ar\/wp-json\/wp\/v2\/pages"}],"about":[{"href":"https:\/\/fayyadgroup.com\/ar\/wp-json\/wp\/v2\/types\/page"}],"author":[{"embeddable":true,"href":"https:\/\/fayyadgroup.com\/ar\/wp-json\/wp\/v2\/users\/1"}],"replies":[{"embeddable":true,"href":"https:\/\/fayyadgroup.com\/ar\/wp-json\/wp\/v2\/comments?post=1756"}],"version-history":[{"count":13,"href":"https:\/\/fayyadgroup.com\/ar\/wp-json\/wp\/v2\/pages\/1756\/revisions"}],"predecessor-version":[{"id":1972,"href":"https:\/\/fayyadgroup.com\/ar\/wp-json\/wp\/v2\/pages\/1756\/revisions\/1972"}],"wp:attachment":[{"href":"https:\/\/fayyadgroup.com\/ar\/wp-json\/wp\/v2\/media?parent=1756"}],"curies":[{"name":"wp","href":"https:\/\/api.w.org\/{rel}","templated":true}]}}