{"id":1806,"date":"2019-01-07T12:17:25","date_gmt":"2019-01-07T10:17:25","guid":{"rendered":"http:\/\/fayyadgroup.com\/?page_id=1806"},"modified":"2019-01-15T15:13:53","modified_gmt":"2019-01-15T13:13:53","slug":"yatirim-hizmeti","status":"publish","type":"page","link":"https:\/\/fayyadgroup.com\/ar\/yatirim-hizmeti\/","title":{"rendered":"\u062e\u062f\u0645\u0629 \u0627\u0644\u0627\u0633\u062a\u062b\u0645\u0627\u0631"},"content":{"rendered":"<div class=\"wpb-content-wrapper\"><p>[vc_row css=&#8221;.vc_custom_1546872704281{margin-top: 80px !important;margin-bottom: 80px !important;background-color: #bababa !important;}&#8221;][vc_column][vc_raw_html]JTNDYnIlM0U=[\/vc_raw_html]\n\t<h2 class=\"header-main\"\n\t                                                 style=\"color: ; background-color: #bababa;\">\u062e\u062f\u0645\u0629 \u0627\u0644\u0627\u0633\u062a\u062b\u0645\u0627\u0631<\/h2>\n\t<span class=\"header-sub\" style=\"color: #bababa; background-color: #bababa;\"><\/span>\n\n\t[vc_raw_html]JTNDYnIlM0UlMEE=[\/vc_raw_html][\/vc_column][\/vc_row][vc_row css=&#8221;.vc_custom_1546849925633{background-color: #d6d6d6 !important;}&#8221;][vc_column width=&#8221;2\/3&#8243; css=&#8221;.vc_custom_1546848453230{padding-left: 30px !important;background-color: #f2f2f2 !important;}&#8221;][vc_column_text css_animation=&#8221;fadeInLeft&#8221; css=&#8221;.vc_custom_1546865422155{padding-right: 100px !important;padding-left: 100px !important;}&#8221;]<\/p>\n<div class=\"wpb_text_column wpb_content_element \">\n<div class=\"wpb_wrapper\">\n<h3 class=\"content-title\">Yat\u0131r\u0131m Te\u015fvikleri<\/h3>\n<div class=\"vc_row wpb_row vc_row-fluid\">\n<div class=\"container\">\n<div class=\"wpb_column vc_column_container vc_col-sm-12\">\n<div class=\"vc_column-inner \">\n<div class=\"wpb_wrapper\">\n<div class=\"wpb_text_column wpb_content_element \">\n<div class=\"wpb_wrapper\">\n<p>Yat\u0131r\u0131mc\u0131lar, yat\u0131r\u0131m\u0131n cinsine, toplam yat\u0131r\u0131m tutar\u0131na, yat\u0131r\u0131m\u0131n yap\u0131laca\u011f\u0131 b\u00f6lgeye ve kapasitesine g\u00f6re farkl\u0131 olmak \u00fczere Yat\u0131r\u0131m Te\u015fvik Belgesi alarak desteklerden yararlanabilirler.<\/p>\n<p>Fayyad Dan\u0131\u015fmanl\u0131k uzmanlar\u0131ndan, Yat\u0131r\u0131m Te\u015fvik Belgesi al\u0131m\u0131 ve yararlanaca\u011f\u0131n\u0131z destekler hakk\u0131nda bilgi almadan yat\u0131r\u0131ma ba\u015flamay\u0131n\u0131z.<\/p>\n<div class=\"vc_message_box vc_message_box-standard vc_message_box-rounded vc_color-info slogan-4m wpb_animate_when_almost_visible wpb_bottom-to-top wpb_start_animation\">\n<div class=\"vc_message_box-icon\"><\/div>\n<p><strong>Fayyad Dan\u0131\u015fmanl\u0131k,<\/strong>\u00a0<strong>%30<\/strong>\u2019dan fazlas\u0131\u00a0<strong>8-20<\/strong>\u00a0y\u0131l aras\u0131 \u00e7al\u0131\u015fan\u00a0<strong>70\u2019<\/strong>e yak\u0131n nitelikli personeli ile\u00a0<strong>1991<\/strong>\u2019den itibaren\u00a0<strong>10.000<\/strong>\u2019den fazla m\u00fc\u015fterisine etik kurallar\u0131 ile hizmet sunmu\u015f kurumsal bir dan\u0131\u015fmanl\u0131k \u015firketidir.<\/p>\n<p><strong>Fayyad ile \u00e7al\u0131\u015fm\u0131yor olsan\u0131z dahi aramak ve bilgi almaktan \u00e7ekinmeyiniz.<\/strong><\/p>\n<\/div>\n<p>Yat\u0131r\u0131m Te\u015fvik Belgesi alarak Yat\u0131r\u0131m karar\u0131 vermeden \u00f6nce;<\/p>\n<p>81 ilde yeni yat\u0131r\u0131m te\u015fvik Belgesi desteklerini, Fayyad Dan\u0131\u015fmanl\u0131k hesaplama program\u0131m\u0131z\u0131 kullanarak \u00f6\u011frenebilirsiniz.<\/p>\n<p><strong>(312) 550 5050\u00a0<\/strong>nolu telefonu arayarak \u00fccretsiz \u00f6n dan\u0131\u015fmanl\u0131k hizmetimizden faydalanabilirsiniz.<\/p>\n<p>Bu program; Yat\u0131r\u0131m Te\u015fvik Belgesi ile yararlanaca\u011f\u0131n\u0131z veya yararlanamayaca\u011f\u0131n\u0131z destekler hakk\u0131nda ba\u015ftan bilgilenmenizi sa\u011flar.<\/p>\n<p>Yat\u0131r\u0131m Te\u015fvik Belgesi mevzuat de\u011fi\u015fiklikleri ayn\u0131 g\u00fcn i\u00e7inde g\u00fcncellenmektedir.<\/p>\n<p><strong>YATIRIM TE\u015eV\u0130K BELGES\u0130 DESTEKLER\u0130<\/strong><\/p>\n<ul>\n<li>Yat\u0131r\u0131m Te\u015fvik Belgesi\u00a0<strong>Faiz Deste\u011fi<\/strong><\/li>\n<li>Yat\u0131r\u0131m Te\u015fvik Belgesi\u00a0<strong>KDV \u0130stisnas\u0131<\/strong><\/li>\n<li>Yat\u0131r\u0131m Te\u015fvik Belgesi\u00a0<strong>Yat\u0131r\u0131m yeri tahsisi.<\/strong><\/li>\n<li>Yat\u0131r\u0131m Te\u015fvik Belgesi\u00a0<strong>Gelir vergisi stopaj\u0131<\/strong><\/li>\n<li>Yat\u0131r\u0131m Te\u015fvik Belgesi\u00a0<strong>G\u00fcmr\u00fck vergisi muafiyeti<\/strong><\/li>\n<li>Yat\u0131r\u0131m Te\u015fvik Belgesi\u00a0<strong>Sigorta Primi \u0130\u015f\u00e7i Hissesi Deste\u011fi<\/strong><\/li>\n<li>Yat\u0131r\u0131m Te\u015fvik Belgesi\u00a0<strong>Sigorta Primi \u0130\u015fveren Hissesi Deste\u011fi<\/strong>,<\/li>\n<\/ul>\n<p>Fayyad Dan\u0131\u015fmanl\u0131k Yat\u0131r\u0131m Te\u015fvik Belgesi Uzmanlar\u0131n\u0131 aramaktan \u00e7ekinmeyiniz.<\/p>\n<p><strong>YATIRIM TE\u015eV\u0130K BELGES\u0130 DESTEKLER\u0130NDEN NASIL YARARLANILIR?<\/strong><\/p>\n<p>Yat\u0131r\u0131m Te\u015fvik Belgesi desteklerinde nakit para \u00f6demesi yap\u0131lmaz.<\/p>\n<p>Yat\u0131r\u0131m Te\u015fvik Belgesi kullanarak yat\u0131r\u0131m yapan yat\u0131r\u0131mc\u0131lar, \u00f6demekle y\u00fck\u00fcml\u00fc oldu\u011fu;<\/p>\n<p>G\u00fcmr\u00fck vergisi, KDV, varsa KKDF, faiz deste\u011fi, gelir vergisi stopaj\u0131n\u0131 \u00f6demeyerek yararlan\u0131rlar.<\/p>\n<p>Sigorta pirimi i\u015f\u00e7i ve i\u015fveren hissesi desteklerinde kullan\u0131lan Yat\u0131r\u0131m Te\u015fvik Belgesi kapatma i\u015flemi yap\u0131ld\u0131ktan sonra yararlanmaya ba\u015flarlar. Ayr\u0131ca yat\u0131r\u0131m yeri tahsisinden yararlanabilirler.<\/p>\n<p>Yat\u0131r\u0131m Te\u015fvik Belgesi s\u00fcresi: 3 y\u0131ld\u0131r. Yat\u0131r\u0131m\u0131n b\u00fcy\u00fckl\u00fc\u011f\u00fcne ve ger\u00e7ekle\u015fme s\u00fcresine g\u00f6re bu s\u00fcre daha fazla verilebilir. Yat\u0131r\u0131m Te\u015fvik Belgesi almaktan \u00e7ekinmeyiniz.<\/p>\n<p><strong>TIKLAYINIZ &gt;\u00a0<\/strong><a href=\"http:\/\/www.4m.com.tr\/yatirim-tesvik-bilgilendirme-formu\/\"><strong>YATIRIM TE\u015eV\u0130K BELGES\u0130 DESTEKLER\u0130 HESAPLAMA PROGRAMI<\/strong><\/a><\/p>\n<p><strong>Yat\u0131r\u0131mc\u0131n\u0131n Yat\u0131r\u0131m Te\u015fvik Belgesi ile ilgili sorumlulu\u011fu:<\/strong><\/p>\n<ol>\n<li>Yat\u0131r\u0131m Te\u015fvik Belgesi toplam harcama tutar\u0131\u011f\u0131 i\u00e7eri\u011fine,<\/li>\n<li>Yat\u0131r\u0131m Te\u015fvik Belgesinde kay\u0131tl\u0131 asgari yat\u0131r\u0131m tutar\u0131n\u0131n a\u015f\u0131lm\u0131\u015f olmas\u0131na,<\/li>\n<li>Yat\u0131r\u0131m Te\u015fvik Belgesi kapsam\u0131nda yap\u0131lan yat\u0131r\u0131m\u0131n \u00fcretim yapabiliyor olmas\u0131na,<\/li>\n<\/ol>\n<p>Ba\u011fl\u0131 olarak Yat\u0131r\u0131m Te\u015fvik belgesi kapatma i\u015flem kurum taraf\u0131ndan onaylan\u0131r.<\/p>\n<p>Yat\u0131r\u0131m Te\u015fvik Belgesi asgari yat\u0131r\u0131m tutar\u0131n\u0131n a\u015f\u0131lmamas\u0131, tesisin \u00fcretim yapam\u0131yor olmas\u0131, Makine ve te\u00e7hizat\u0131n yat\u0131r\u0131m yerinde olmamas\u0131 veya eksik olmas\u0131 halinde belge kapatma talebi onaylanmaz.<\/p>\n<p><strong>Yat\u0131r\u0131m Te\u015fvik Belgesinin m\u00fceyyidesi:<\/strong><\/p>\n<p>Yat\u0131r\u0131mc\u0131n\u0131n yararland\u0131\u011f\u0131 t\u00fcm destekler, 6183 say\u0131l\u0131 devlet alacaklar\u0131 kanununa g\u00f6re faiz ve cezalar\u0131 ile birlikte tahsil edilir.<\/p>\n<p>Fayyad ile \u00e7al\u0131\u015fm\u0131yor olsan\u0131z dahi, 4M uzmanlar\u0131na dan\u0131\u015fmadan Yat\u0131r\u0131m Te\u015fvik Belgesi almay\u0131n\u0131z.<\/p>\n<p>Web sitemizden form doldurman\u0131z halinde ayn\u0131 g\u00fcn i\u00e7inde 4M uzman\u0131 sizi arayacakt\u0131r. Yat\u0131r\u0131m Te\u015fvik Belgesi hakk\u0131nda sorular\u0131n\u0131z\u0131 cevaplayacakt\u0131r.<\/p>\n<p><strong>Fayyad\u00a0<\/strong><strong>Dan\u0131\u015fmanl\u0131k,<\/strong>\u00a0<strong>%30<\/strong>\u2019dan fazlas\u0131\u00a0<strong>8-20<\/strong>\u00a0y\u0131l aras\u0131 \u00e7al\u0131\u015fan\u00a0<strong>70\u2019<\/strong>e yak\u0131n nitelikli personeli ile\u00a0<strong>1991<\/strong>\u2019den itibaren\u00a0etik kurallar\u0131<strong>\u00a015.000<\/strong>\u2019den fazla m\u00fc\u015fterisine hizmet sunmu\u015f kurumsal bir dan\u0131\u015fmanl\u0131k \u015firketidir.<\/p>\n<\/div>\n<\/div>\n<\/div>\n<\/div>\n<\/div>\n<\/div>\n<\/div>\n<\/div>\n<\/div>\n<p>[\/vc_column_text][\/vc_column][vc_column width=&#8221;1\/3&#8243;][vc_raw_html]JTNDYnIlM0UlMEElM0NiciUzRSUwQSUzQ2g0JTNFQml6ZSUyMFVsYSVDNSU5RiVDNCVCMW4lM0MlMkZoNCUzRQ==[\/vc_raw_html]\n<div class=\"wpcf7 no-js\" id=\"wpcf7-f112-o3\" lang=\"en-US\" dir=\"ltr\">\n<div class=\"screen-reader-response\"><p role=\"status\" aria-live=\"polite\" aria-atomic=\"true\"><\/p> <ul><\/ul><\/div>\n<form action=\"\/ar\/wp-json\/wp\/v2\/pages\/1806#wpcf7-f112-o3\" method=\"post\" class=\"wpcf7-form init\" aria-label=\"Contact form\" novalidate=\"novalidate\" data-status=\"init\">\n<div style=\"display: none;\">\n<input type=\"hidden\" name=\"_wpcf7\" value=\"112\" \/>\n<input type=\"hidden\" name=\"_wpcf7_version\" value=\"5.9.5\" \/>\n<input type=\"hidden\" name=\"_wpcf7_locale\" value=\"en_US\" \/>\n<input type=\"hidden\" name=\"_wpcf7_unit_tag\" value=\"wpcf7-f112-o3\" \/>\n<input type=\"hidden\" name=\"_wpcf7_container_post\" value=\"0\" \/>\n<input type=\"hidden\" name=\"_wpcf7_posted_data_hash\" value=\"\" \/>\n<\/div>\n<div class=\"row\">\n\t<div class=\"col-sm-12 form-group\">\n\t\t<p><span class=\"wpcf7-form-control-wrap\" data-name=\"name\"><input size=\"40\" class=\"wpcf7-form-control wpcf7-text wpcf7-validates-as-required form-control\" aria-required=\"true\" aria-invalid=\"false\" placeholder=\"Ad ve Soyad *\" value=\"\" type=\"text\" name=\"name\" \/><\/span>\n\t\t<\/p>\n\t<\/div>\n\t<div class=\"col-sm-12 form-group\">\n\t\t<p><span class=\"wpcf7-form-control-wrap\" data-name=\"email\"><input size=\"40\" class=\"wpcf7-form-control wpcf7-email wpcf7-validates-as-required wpcf7-text wpcf7-validates-as-email form-control\" aria-required=\"true\" aria-invalid=\"false\" placeholder=\"E-Posta *\" value=\"\" type=\"email\" name=\"email\" \/><\/span>\n\t\t<\/p>\n\t<\/div>\n\t<div class=\"col-sm-12 form-group\">\n\t\t<p><span class=\"wpcf7-form-control-wrap\" data-name=\"subject\"><input size=\"40\" class=\"wpcf7-form-control wpcf7-text form-control\" aria-invalid=\"false\" placeholder=\"Telefon\" value=\"\" type=\"text\" name=\"subject\" \/><\/span>\n\t\t<\/p>\n\t<\/div>\n<\/div>\n<div class=\"form-group\">\n\t<p><span class=\"wpcf7-form-control-wrap\" data-name=\"message\"><textarea cols=\"40\" rows=\"7\" class=\"wpcf7-form-control wpcf7-textarea wpcf7-validates-as-required form-control\" aria-required=\"true\" aria-invalid=\"false\" placeholder=\"Talebiniz *\" name=\"message\"><\/textarea><\/span>\n\t<\/p>\n<\/div>\n<div class=\"form-group\">\n\t<p><input class=\"wpcf7-form-control wpcf7-submit has-spinner btn btn-default btn-wide\" type=\"submit\" value=\"G\u00f6nder\" \/>\n\t<\/p>\n<\/div><div class=\"wpcf7-response-output\" aria-hidden=\"true\"><\/div>\n<\/form>\n<\/div>\n[vc_empty_space][vc_single_image image=&#8221;1933&#8243; img_size=&#8221;medium&#8221; title=&#8221;Yat\u0131r\u0131m Hizmetleri&#8221;][\/vc_column][\/vc_row]<\/p>\n<\/div>","protected":false},"excerpt":{"rendered":"<p>[vc_row css=&#8221;.vc_custom_1546872704281{margin-top: 80px !important;margin-bottom: 80px !important;background-color: #bababa !important;}&#8221;][vc_column][vc_raw_html]JTNDYnIlM0U=[\/vc_raw_html][vc_raw_html]JTNDYnIlM0UlMEE=[\/vc_raw_html][\/vc_column][\/vc_row][vc_row css=&#8221;.vc_custom_1546849925633{background-color: #d6d6d6 !important;}&#8221;][vc_column width=&#8221;2\/3&#8243; css=&#8221;.vc_custom_1546848453230{padding-left: 30px !important;background-color: #f2f2f2 !important;}&#8221;][vc_column_text css_animation=&#8221;fadeInLeft&#8221; css=&#8221;.vc_custom_1546865422155{padding-right: 100px !important;padding-left: 100px !important;}&#8221;] Yat\u0131r\u0131m Te\u015fvikleri Yat\u0131r\u0131mc\u0131lar, yat\u0131r\u0131m\u0131n cinsine, toplam yat\u0131r\u0131m tutar\u0131na, yat\u0131r\u0131m\u0131n yap\u0131laca\u011f\u0131 b\u00f6lgeye ve kapasitesine g\u00f6re farkl\u0131 olmak \u00fczere Yat\u0131r\u0131m Te\u015fvik Belgesi alarak desteklerden yararlanabilirler. Fayyad Dan\u0131\u015fmanl\u0131k uzmanlar\u0131ndan, Yat\u0131r\u0131m Te\u015fvik Belgesi al\u0131m\u0131 ve yararlanaca\u011f\u0131n\u0131z&#8230;<\/p>\n","protected":false},"author":1,"featured_media":0,"parent":0,"menu_order":0,"comment_status":"closed","ping_status":"open","template":"page-full-onepage.php","meta":{"footnotes":""},"class_list":["post-1806","page","type-page","status-publish","hentry"],"yoast_head":"<!-- This site is optimized with the Yoast SEO plugin v24.2 - https:\/\/yoast.com\/wordpress\/plugins\/seo\/ -->\n<title>\u062e\u062f\u0645\u0629 \u0627\u0644\u0627\u0633\u062a\u062b\u0645\u0627\u0631 - Fayyad Group<\/title>\n<meta name=\"robots\" content=\"index, follow, max-snippet:-1, max-image-preview:large, max-video-preview:-1\" \/>\n<link rel=\"canonical\" href=\"https:\/\/fayyadgroup.com\/en\/yatirim-hizmeti\/\" \/>\n<meta property=\"og:locale\" content=\"ar_AR\" \/>\n<meta property=\"og:type\" content=\"article\" \/>\n<meta property=\"og:title\" content=\"\u062e\u062f\u0645\u0629 \u0627\u0644\u0627\u0633\u062a\u062b\u0645\u0627\u0631 - Fayyad Group\" \/>\n<meta property=\"og:description\" content=\"[vc_row css=&#8221;.vc_custom_1546872704281{margin-top: 80px !important;margin-bottom: 80px !important;background-color: #bababa !important;}&#8221;][vc_column][vc_raw_html]JTNDYnIlM0U=[\/vc_raw_html][vc_raw_html]JTNDYnIlM0UlMEE=[\/vc_raw_html][\/vc_column][\/vc_row][vc_row css=&#8221;.vc_custom_1546849925633{background-color: #d6d6d6 !important;}&#8221;][vc_column width=&#8221;2\/3&#8243; css=&#8221;.vc_custom_1546848453230{padding-left: 30px !important;background-color: #f2f2f2 !important;}&#8221;][vc_column_text css_animation=&#8221;fadeInLeft&#8221; css=&#8221;.vc_custom_1546865422155{padding-right: 100px !important;padding-left: 100px !important;}&#8221;] Yat\u0131r\u0131m Te\u015fvikleri Yat\u0131r\u0131mc\u0131lar, yat\u0131r\u0131m\u0131n cinsine, toplam yat\u0131r\u0131m tutar\u0131na, yat\u0131r\u0131m\u0131n yap\u0131laca\u011f\u0131 b\u00f6lgeye ve kapasitesine g\u00f6re farkl\u0131 olmak \u00fczere Yat\u0131r\u0131m Te\u015fvik Belgesi alarak desteklerden yararlanabilirler. Fayyad Dan\u0131\u015fmanl\u0131k uzmanlar\u0131ndan, Yat\u0131r\u0131m Te\u015fvik Belgesi al\u0131m\u0131 ve yararlanaca\u011f\u0131n\u0131z...\" \/>\n<meta property=\"og:url\" content=\"https:\/\/fayyadgroup.com\/en\/yatirim-hizmeti\/\" \/>\n<meta property=\"og:site_name\" content=\"Fayyad Group\" \/>\n<meta property=\"article:publisher\" content=\"https:\/\/www.facebook.com\/fayyadgroup\/?modal=admin_todo_tour\" \/>\n<meta property=\"article:modified_time\" content=\"2019-01-15T13:13:53+00:00\" \/>\n<meta name=\"twitter:card\" content=\"summary_large_image\" \/>\n<meta name=\"twitter:label1\" content=\"\u0648\u0642\u062a \u0627\u0644\u0642\u0631\u0627\u0621\u0629 \u0627\u0644\u0645\u064f\u0642\u062f\u0651\u0631\" \/>\n\t<meta name=\"twitter:data1\" content=\"11 \u062f\u0642\u064a\u0642\u0629\" \/>\n<script type=\"application\/ld+json\" class=\"yoast-schema-graph\">{\"@context\":\"https:\/\/schema.org\",\"@graph\":[{\"@type\":\"WebPage\",\"@id\":\"https:\/\/fayyadgroup.com\/en\/yatirim-hizmeti\/\",\"url\":\"https:\/\/fayyadgroup.com\/en\/yatirim-hizmeti\/\",\"name\":\"\u062e\u062f\u0645\u0629 \u0627\u0644\u0627\u0633\u062a\u062b\u0645\u0627\u0631 - Fayyad Group\",\"isPartOf\":{\"@id\":\"https:\/\/fayyadgroup.com\/#website\"},\"datePublished\":\"2019-01-07T10:17:25+00:00\",\"dateModified\":\"2019-01-15T13:13:53+00:00\",\"breadcrumb\":{\"@id\":\"https:\/\/fayyadgroup.com\/en\/yatirim-hizmeti\/#breadcrumb\"},\"inLanguage\":\"ar\",\"potentialAction\":[{\"@type\":\"ReadAction\",\"target\":[\"https:\/\/fayyadgroup.com\/en\/yatirim-hizmeti\/\"]}]},{\"@type\":\"BreadcrumbList\",\"@id\":\"https:\/\/fayyadgroup.com\/en\/yatirim-hizmeti\/#breadcrumb\",\"itemListElement\":[{\"@type\":\"ListItem\",\"position\":1,\"name\":\"Ana sayfa\",\"item\":\"https:\/\/fayyadgroup.com\/\"},{\"@type\":\"ListItem\",\"position\":2,\"name\":\"INVESTMENT SERVICE\"}]},{\"@type\":\"WebSite\",\"@id\":\"https:\/\/fayyadgroup.com\/#website\",\"url\":\"https:\/\/fayyadgroup.com\/\",\"name\":\"Fayyad Group\",\"description\":\"\u062e\u062f\u0645\u0627\u062a \u0627\u0633\u062a\u0634\u0627\u0631\u064a\u0629 \u0648\u0627\u0633\u062a\u062b\u0645\u0627\u0631\u064a\u0629\",\"publisher\":{\"@id\":\"https:\/\/fayyadgroup.com\/#organization\"},\"potentialAction\":[{\"@type\":\"SearchAction\",\"target\":{\"@type\":\"EntryPoint\",\"urlTemplate\":\"https:\/\/fayyadgroup.com\/?s={search_term_string}\"},\"query-input\":{\"@type\":\"PropertyValueSpecification\",\"valueRequired\":true,\"valueName\":\"search_term_string\"}}],\"inLanguage\":\"ar\"},{\"@type\":\"Organization\",\"@id\":\"https:\/\/fayyadgroup.com\/#organization\",\"name\":\"Fayyad Group\",\"url\":\"https:\/\/fayyadgroup.com\/\",\"logo\":{\"@type\":\"ImageObject\",\"inLanguage\":\"ar\",\"@id\":\"https:\/\/fayyadgroup.com\/#\/schema\/logo\/image\/\",\"url\":\"https:\/\/fayyadgroup.com\/wp-content\/uploads\/2019\/01\/ovallogo.png\",\"contentUrl\":\"https:\/\/fayyadgroup.com\/wp-content\/uploads\/2019\/01\/ovallogo.png\",\"width\":834,\"height\":836,\"caption\":\"Fayyad Group\"},\"image\":{\"@id\":\"https:\/\/fayyadgroup.com\/#\/schema\/logo\/image\/\"},\"sameAs\":[\"https:\/\/www.facebook.com\/fayyadgroup\/?modal=admin_todo_tour\",\"https:\/\/www.instagram.com\/fayyad.group\/\"]}]}<\/script>\n<!-- \/ Yoast SEO plugin. -->","yoast_head_json":{"title":"\u062e\u062f\u0645\u0629 \u0627\u0644\u0627\u0633\u062a\u062b\u0645\u0627\u0631 - Fayyad Group","robots":{"index":"index","follow":"follow","max-snippet":"max-snippet:-1","max-image-preview":"max-image-preview:large","max-video-preview":"max-video-preview:-1"},"canonical":"https:\/\/fayyadgroup.com\/en\/yatirim-hizmeti\/","og_locale":"ar_AR","og_type":"article","og_title":"\u062e\u062f\u0645\u0629 \u0627\u0644\u0627\u0633\u062a\u062b\u0645\u0627\u0631 - Fayyad Group","og_description":"[vc_row css=&#8221;.vc_custom_1546872704281{margin-top: 80px !important;margin-bottom: 80px !important;background-color: #bababa !important;}&#8221;][vc_column][vc_raw_html]JTNDYnIlM0U=[\/vc_raw_html][vc_raw_html]JTNDYnIlM0UlMEE=[\/vc_raw_html][\/vc_column][\/vc_row][vc_row css=&#8221;.vc_custom_1546849925633{background-color: #d6d6d6 !important;}&#8221;][vc_column width=&#8221;2\/3&#8243; css=&#8221;.vc_custom_1546848453230{padding-left: 30px !important;background-color: #f2f2f2 !important;}&#8221;][vc_column_text css_animation=&#8221;fadeInLeft&#8221; css=&#8221;.vc_custom_1546865422155{padding-right: 100px !important;padding-left: 100px !important;}&#8221;] Yat\u0131r\u0131m Te\u015fvikleri Yat\u0131r\u0131mc\u0131lar, yat\u0131r\u0131m\u0131n cinsine, toplam yat\u0131r\u0131m tutar\u0131na, yat\u0131r\u0131m\u0131n yap\u0131laca\u011f\u0131 b\u00f6lgeye ve kapasitesine g\u00f6re farkl\u0131 olmak \u00fczere Yat\u0131r\u0131m Te\u015fvik Belgesi alarak desteklerden yararlanabilirler. Fayyad Dan\u0131\u015fmanl\u0131k uzmanlar\u0131ndan, Yat\u0131r\u0131m Te\u015fvik Belgesi al\u0131m\u0131 ve yararlanaca\u011f\u0131n\u0131z...","og_url":"https:\/\/fayyadgroup.com\/en\/yatirim-hizmeti\/","og_site_name":"Fayyad Group","article_publisher":"https:\/\/www.facebook.com\/fayyadgroup\/?modal=admin_todo_tour","article_modified_time":"2019-01-15T13:13:53+00:00","twitter_card":"summary_large_image","twitter_misc":{"\u0648\u0642\u062a \u0627\u0644\u0642\u0631\u0627\u0621\u0629 \u0627\u0644\u0645\u064f\u0642\u062f\u0651\u0631":"11 \u062f\u0642\u064a\u0642\u0629"},"schema":{"@context":"https:\/\/schema.org","@graph":[{"@type":"WebPage","@id":"https:\/\/fayyadgroup.com\/en\/yatirim-hizmeti\/","url":"https:\/\/fayyadgroup.com\/en\/yatirim-hizmeti\/","name":"\u062e\u062f\u0645\u0629 \u0627\u0644\u0627\u0633\u062a\u062b\u0645\u0627\u0631 - Fayyad Group","isPartOf":{"@id":"https:\/\/fayyadgroup.com\/#website"},"datePublished":"2019-01-07T10:17:25+00:00","dateModified":"2019-01-15T13:13:53+00:00","breadcrumb":{"@id":"https:\/\/fayyadgroup.com\/en\/yatirim-hizmeti\/#breadcrumb"},"inLanguage":"ar","potentialAction":[{"@type":"ReadAction","target":["https:\/\/fayyadgroup.com\/en\/yatirim-hizmeti\/"]}]},{"@type":"BreadcrumbList","@id":"https:\/\/fayyadgroup.com\/en\/yatirim-hizmeti\/#breadcrumb","itemListElement":[{"@type":"ListItem","position":1,"name":"Ana sayfa","item":"https:\/\/fayyadgroup.com\/"},{"@type":"ListItem","position":2,"name":"INVESTMENT SERVICE"}]},{"@type":"WebSite","@id":"https:\/\/fayyadgroup.com\/#website","url":"https:\/\/fayyadgroup.com\/","name":"Fayyad Group","description":"\u062e\u062f\u0645\u0627\u062a \u0627\u0633\u062a\u0634\u0627\u0631\u064a\u0629 \u0648\u0627\u0633\u062a\u062b\u0645\u0627\u0631\u064a\u0629","publisher":{"@id":"https:\/\/fayyadgroup.com\/#organization"},"potentialAction":[{"@type":"SearchAction","target":{"@type":"EntryPoint","urlTemplate":"https:\/\/fayyadgroup.com\/?s={search_term_string}"},"query-input":{"@type":"PropertyValueSpecification","valueRequired":true,"valueName":"search_term_string"}}],"inLanguage":"ar"},{"@type":"Organization","@id":"https:\/\/fayyadgroup.com\/#organization","name":"Fayyad Group","url":"https:\/\/fayyadgroup.com\/","logo":{"@type":"ImageObject","inLanguage":"ar","@id":"https:\/\/fayyadgroup.com\/#\/schema\/logo\/image\/","url":"https:\/\/fayyadgroup.com\/wp-content\/uploads\/2019\/01\/ovallogo.png","contentUrl":"https:\/\/fayyadgroup.com\/wp-content\/uploads\/2019\/01\/ovallogo.png","width":834,"height":836,"caption":"Fayyad Group"},"image":{"@id":"https:\/\/fayyadgroup.com\/#\/schema\/logo\/image\/"},"sameAs":["https:\/\/www.facebook.com\/fayyadgroup\/?modal=admin_todo_tour","https:\/\/www.instagram.com\/fayyad.group\/"]}]}},"_links":{"self":[{"href":"https:\/\/fayyadgroup.com\/ar\/wp-json\/wp\/v2\/pages\/1806","targetHints":{"allow":["GET"]}}],"collection":[{"href":"https:\/\/fayyadgroup.com\/ar\/wp-json\/wp\/v2\/pages"}],"about":[{"href":"https:\/\/fayyadgroup.com\/ar\/wp-json\/wp\/v2\/types\/page"}],"author":[{"embeddable":true,"href":"https:\/\/fayyadgroup.com\/ar\/wp-json\/wp\/v2\/users\/1"}],"replies":[{"embeddable":true,"href":"https:\/\/fayyadgroup.com\/ar\/wp-json\/wp\/v2\/comments?post=1806"}],"version-history":[{"count":12,"href":"https:\/\/fayyadgroup.com\/ar\/wp-json\/wp\/v2\/pages\/1806\/revisions"}],"predecessor-version":[{"id":1973,"href":"https:\/\/fayyadgroup.com\/ar\/wp-json\/wp\/v2\/pages\/1806\/revisions\/1973"}],"wp:attachment":[{"href":"https:\/\/fayyadgroup.com\/ar\/wp-json\/wp\/v2\/media?parent=1806"}],"curies":[{"name":"wp","href":"https:\/\/api.w.org\/{rel}","templated":true}]}}