{"id":1827,"date":"2019-01-07T14:14:29","date_gmt":"2019-01-07T12:14:29","guid":{"rendered":"http:\/\/fayyadgroup.com\/?page_id=1827"},"modified":"2019-06-12T13:31:38","modified_gmt":"2019-06-12T10:31:38","slug":"turk-vatandasligi-basvurusu","status":"publish","type":"page","link":"https:\/\/fayyadgroup.com\/ar\/turk-vatandasligi-basvurusu\/","title":{"rendered":"\u0637\u0644\u0628 \u0644\u0644\u062d\u0635\u0648\u0644 \u0639\u0644\u0649 \u0627\u0644\u062c\u0646\u0633\u064a\u0629 \u0627\u0644\u062a\u0631\u0643\u064a\u0629"},"content":{"rendered":"<div class=\"wpb-content-wrapper\"><p>[vc_row css=&#8221;.vc_custom_1546871733430{margin-top: 80px !important;margin-bottom: 80px !important;background-color: #bababa !important;}&#8221;][vc_column][vc_raw_html]JTNDYnIlM0UlMEE=[\/vc_raw_html]\n\t<h2 class=\"header-main\"\n\t                                                 style=\"color: ; background-color: #bababa;\">\u0637\u0644\u0628 \u0644\u0644\u062d\u0635\u0648\u0644 \u0639\u0644\u0649 \u0627\u0644\u062c\u0646\u0633\u064a\u0629 \u0627\u0644\u062a\u0631\u0643\u064a\u0629<\/h2>\n\t<span class=\"header-sub\" style=\"color: #bababa; background-color: #bababa;\"><\/span>\n\n\t[vc_raw_html]JTNDYnIlM0UlMEE=[\/vc_raw_html][\/vc_column][\/vc_row][vc_row css=&#8221;.vc_custom_1546855823043{padding-right: 30px !important;}&#8221;][vc_column width=&#8221;2\/3&#8243;][vc_column_text css_animation=&#8221;fadeInLeft&#8221; css=&#8221;.vc_custom_1547031616745{padding-right: 100px !important;padding-left: 100px !important;}&#8221;]<strong>T\u00dcRK VATANDA\u015eLI\u011eI BA\u015eVURU \u015eARTLARI<\/strong><\/p>\n<p><strong>T\u00fcrk Vatanda\u015fl\u0131\u011f\u0131n istisnai olarak kazan\u0131m\u0131nda asgari \u015fartlar ve yap\u0131lan son de\u011fi\u015fiklikler;<\/strong><\/p>\n<p><strong>19.09.2018<\/strong>\u00a0tarihinde resmi gazetede yay\u0131nlanan y\u00f6netmelik de\u011fi\u015fikli\u011fine g\u00f6re, T\u00fcrk Vatanda\u015fl\u0131\u011f\u0131n\u0131n istisnai olarak kazan\u0131ma kolayl\u0131klar getirilmi\u015ftir.<\/p>\n<p>T\u00fcrk Vatanda\u015fl\u0131\u011f\u0131 Ba\u015fvurusu normal \u015fartlarda T\u00fcrkiye\u2019ye gelerek vize veya vize muafiyet s\u00fcresinde daha uzun kalmak isteyen yabanc\u0131lar\u0131n<strong>, ikamet izni<\/strong>\u00a0veya\u00a0<strong>\u00e7al\u0131\u015fma izni<\/strong>\u00a0almas\u0131 gerekmekte olup,\u00a0<strong>T\u00fcrk vatanda\u015fl\u0131\u011f\u0131\u00a0<\/strong>talebinde bulunacak yabanc\u0131lar\u0131n ise\u00a0<strong>5901<\/strong>\u00a0say\u0131l\u0131<strong>\u00a0T\u00fcrk Vatanda\u015fl\u0131\u011f\u0131 kanunu<\/strong>\u00a0ile belirlenen s\u00fcrelerde T\u00fcrkiye\u2019de kalmas\u0131 ve bakanl\u0131k taraf\u0131ndan belirlenen asgari \u015fartlar\u0131 sa\u011flamas\u0131 gereklidir.<\/p>\n<p><strong>12.12.2016<\/strong>\u00a0tarih ve\u00a0<strong>9601\u00a0<\/strong>say\u0131l\u0131 karar ile, T\u00fcrk vatanda\u015fl\u0131\u011f\u0131n\u0131n istisnai olarak kazan\u0131lma \u015fartlar\u0131na baz\u0131 maddeler eklenmi\u015ftir.\u00a0 Bu kapsamda belirli tutar ve \u015fartlar alt\u0131nda\u00a0<strong>sabit sermaye yat\u0131r\u0131m\u0131 yapanlar, ta\u015f\u0131nmaz sat\u0131n alanlar, istihdam olu\u015fturanlar, T\u00fcrk bankalar\u0131nda mevduat tutanlar, Devlet bor\u00e7lanma ara\u00e7lar\u0131n\u0131 sat\u0131n alan<\/strong>\u00a0yabanc\u0131lar istisnai olarak T\u00fcrk vatanda\u015fl\u0131\u011f\u0131 ba\u015fvurusunda bulunabilece\u011fi belirtilmi\u015ftir.<\/p>\n<p>\u0130lgili karar tarihi sonras\u0131nda bir\u00e7ok\u00a0<strong>T\u00fcrk vatanda\u015fl\u0131\u011f\u0131<\/strong>\u00a0ba\u015fvurusu i\u015fleme al\u0131nm\u0131\u015f ve sonu\u00e7land\u0131r\u0131lm\u0131\u015ft\u0131r, fakat ba\u015fvuru i\u00e7in gerekli asgari tutar veya miktar\u0131 y\u00fcksek bulan yabanc\u0131lar ise i\u015flem ger\u00e7ekle\u015ftirememi\u015ftir.<\/p>\n<p>Bu kapsamda talepler dikkate al\u0131narak de\u011ferlendirilmi\u015f ve T\u00fcrk vatanda\u015fl\u0131\u011f\u0131 kanununun uygulanmas\u0131na ili\u015fkin y\u00f6netmelikte de\u011fi\u015fiklik yap\u0131lmas\u0131na dair karar\u00a0<strong>19.09.2018\u00a0<\/strong>tarih ve\u00a0<strong>106 say\u0131l\u0131 karar ile<\/strong>\u00a0resmi gazetede yay\u0131nlanm\u0131\u015ft\u0131r.<\/p>\n<p><strong>Karar ile yat\u0131r\u0131m tutarlar\u0131nda ve baz\u0131 \u015fartlarda a\u015fa\u011f\u0131da belirtilen de\u011fi\u015fiklikler yap\u0131lm\u0131\u015ft\u0131r;<\/strong><\/p>\n<p>En az 2.000.000 Amerikan Dolar\u0131 tutar\u0131nda sabit sermaye yat\u0131r\u0131m\u0131 ger\u00e7ekle\u015ftirilme \u015fart\u0131,\u00a0<strong>500.000 Amerikan Dolar\u0131na<\/strong>\u00a0indirilmi\u015ftir. (ilgili yat\u0131r\u0131m\u0131n Sanayi ve Teknoloji Bakanl\u0131\u011f\u0131nca tespit edilmesi gerekmektedir.)<\/p>\n<p>En az 1.000.000 Amerikan dolar\u0131 tutar\u0131nda ta\u015f\u0131nmaz tutar\u0131\u00a0<strong>250.000 Amerikan Dolar\u0131\u00a0<\/strong>veya kar\u015f\u0131l\u0131\u011f\u0131 d\u00f6viz\/T\u00fcrk Liras\u0131\u2019na d\u00fc\u015f\u00fcr\u00fclm\u00fc\u015ft\u00fcr. (Ta\u015f\u0131nmaz\u0131n tapu kay\u0131tlar\u0131na \u00fc\u00e7 y\u0131l sat\u0131lmamas\u0131 \u015ferhi koyulmak \u015fart\u0131yla sat\u0131n ald\u0131\u011f\u0131 \u00c7evre ve \u015eehircilik Bakanl\u0131\u011f\u0131nca tespit edilmelidir.)<\/p>\n<p>En az 100 ki\u015filik istihdam olu\u015fturma \u015fart\u0131\u00a0<strong>50 ki\u015fiye<\/strong>\u00a0d\u00fc\u015f\u00fcr\u00fclm\u00fc\u015ft\u00fcr. (Olu\u015fturulan istihdam\u0131n ger\u00e7ekle\u015ftirildi\u011fi Aile, \u00c7al\u0131\u015fma ve Sosyal Hizmetler Bakanl\u0131\u011f\u0131nca tespit edilmelidir.)<\/p>\n<p>En az 3.000.000 Amerikan Dolar\u0131 tutar\u0131 mevduat\u0131 T\u00fcrkiye\u2019de faaliyet g\u00f6steren bankalarda tutma \u015fart\u0131\u00a0<strong>500.000 Amerikan Dolar\u0131<\/strong>\u00a0veya kar\u015f\u0131l\u0131\u011f\u0131 d\u00f6viz\/T\u00fcrk Liras\u0131\u2019na d\u00fc\u015f\u00fcr\u00fclm\u00fc\u015ft\u00fcr. ( Mevduat\u0131 3 (\u00fc\u00e7) y\u0131l ilgili banka tutmak ve bu durumun Bankac\u0131l\u0131k D\u00fczenleme ve Denetleme Kurumunca tespit edilmesi gerekmektedir.<\/p>\n<p>En az 3.000.000 Amerikan Dolar\u0131 tutar\u0131nda Devlet bor\u00e7lanma ara\u00e7lar\u0131n\u0131 sat\u0131n alma tutar\u0131\u00a0<strong>500.000 Amerikan Dolar\u0131<\/strong>\u00a0veya kar\u015f\u0131l\u0131\u011f\u0131 d\u00f6viz\/T\u00fcrk Liras\u0131\u2019na d\u00fc\u015f\u00fcr\u00fclm\u00fc\u015ft\u00fcr. ( 3 (\u00fc\u00e7) y\u0131l boyunca sat\u0131\u015f yapmadan tutma i\u015fleminin Hazine ve Maliye Bakanl\u0131\u011f\u0131nca tespit edilmesi gerekmektedir.)<\/p>\n<p>Yukar\u0131daki maddelere ek olarak en az\u00a0<strong>500.000 Amerikan Dolar\u0131<\/strong>\u00a0veya kar\u015f\u0131l\u0131\u011f\u0131 d\u00f6viz ya da T\u00fcrk Liras\u0131 tutar\u0131nda gayrimenkul yat\u0131r\u0131m fonu kat\u0131lma pay\u0131 veya giri\u015fim sermayesi yat\u0131r\u0131m fonu kat\u0131lma pay\u0131n\u0131 en az 3 (\u00fc\u00e7) y\u0131l elinde tutma \u015fart\u0131yla sat\u0131n ald\u0131\u011f\u0131 Sermaye Piyasas\u0131 Kurulunca tespit edilen yabanc\u0131lar\u0131n, T\u00fcrk Vatanda\u015fl\u0131\u011f\u0131 ba\u015fvurusunda istisnai olarak bulunabilece\u011fi belirlenmi\u015ftir.<\/p>\n<p>Ba\u015fvurular\u0131 ger\u00e7ekle\u015ftirmeden \u00f6nce ara\u015ft\u0131rmalar\u0131n eksiksiz yap\u0131lmas\u0131 ve ba\u015fvuru sonras\u0131nda i\u015flemlerin takip edilmesi, yat\u0131r\u0131mlar\u0131n bilin\u00e7li olarak yap\u0131lmas\u0131n\u0131 sa\u011flayacakt\u0131r.[\/vc_column_text][\/vc_column][vc_column width=&#8221;1\/3&#8243;]\n<div class=\"wpcf7 no-js\" id=\"wpcf7-f112-o3\" lang=\"en-US\" dir=\"ltr\">\n<div class=\"screen-reader-response\"><p role=\"status\" aria-live=\"polite\" aria-atomic=\"true\"><\/p> <ul><\/ul><\/div>\n<form action=\"\/ar\/wp-json\/wp\/v2\/pages\/1827#wpcf7-f112-o3\" method=\"post\" class=\"wpcf7-form init\" aria-label=\"Contact form\" novalidate=\"novalidate\" data-status=\"init\">\n<div style=\"display: none;\">\n<input type=\"hidden\" name=\"_wpcf7\" value=\"112\" \/>\n<input type=\"hidden\" name=\"_wpcf7_version\" value=\"5.9.5\" \/>\n<input type=\"hidden\" name=\"_wpcf7_locale\" value=\"en_US\" \/>\n<input type=\"hidden\" name=\"_wpcf7_unit_tag\" value=\"wpcf7-f112-o3\" \/>\n<input type=\"hidden\" name=\"_wpcf7_container_post\" value=\"0\" \/>\n<input type=\"hidden\" name=\"_wpcf7_posted_data_hash\" value=\"\" \/>\n<\/div>\n<div class=\"row\">\n\t<div class=\"col-sm-12 form-group\">\n\t\t<p><span class=\"wpcf7-form-control-wrap\" data-name=\"name\"><input size=\"40\" class=\"wpcf7-form-control wpcf7-text wpcf7-validates-as-required form-control\" aria-required=\"true\" aria-invalid=\"false\" placeholder=\"Ad ve Soyad *\" value=\"\" type=\"text\" name=\"name\" \/><\/span>\n\t\t<\/p>\n\t<\/div>\n\t<div class=\"col-sm-12 form-group\">\n\t\t<p><span class=\"wpcf7-form-control-wrap\" data-name=\"email\"><input size=\"40\" class=\"wpcf7-form-control wpcf7-email wpcf7-validates-as-required wpcf7-text wpcf7-validates-as-email form-control\" aria-required=\"true\" aria-invalid=\"false\" placeholder=\"E-Posta *\" value=\"\" type=\"email\" name=\"email\" \/><\/span>\n\t\t<\/p>\n\t<\/div>\n\t<div class=\"col-sm-12 form-group\">\n\t\t<p><span class=\"wpcf7-form-control-wrap\" data-name=\"subject\"><input size=\"40\" class=\"wpcf7-form-control wpcf7-text form-control\" aria-invalid=\"false\" placeholder=\"Telefon\" value=\"\" type=\"text\" name=\"subject\" \/><\/span>\n\t\t<\/p>\n\t<\/div>\n<\/div>\n<div class=\"form-group\">\n\t<p><span class=\"wpcf7-form-control-wrap\" data-name=\"message\"><textarea cols=\"40\" rows=\"7\" class=\"wpcf7-form-control wpcf7-textarea wpcf7-validates-as-required form-control\" aria-required=\"true\" aria-invalid=\"false\" placeholder=\"Talebiniz *\" name=\"message\"><\/textarea><\/span>\n\t<\/p>\n<\/div>\n<div class=\"form-group\">\n\t<p><input class=\"wpcf7-form-control wpcf7-submit has-spinner btn btn-default btn-wide\" type=\"submit\" value=\"G\u00f6nder\" \/>\n\t<\/p>\n<\/div><div class=\"wpcf7-response-output\" aria-hidden=\"true\"><\/div>\n<\/form>\n<\/div>\n[vc_single_image image=&#8221;1842&#8243; img_size=&#8221;medium&#8221;][\/vc_column][\/vc_row]<\/p>\n<\/div>","protected":false},"excerpt":{"rendered":"<p>[vc_row css=&#8221;.vc_custom_1546871733430{margin-top: 80px !important;margin-bottom: 80px !important;background-color: #bababa !important;}&#8221;][vc_column][vc_raw_html]JTNDYnIlM0UlMEE=[\/vc_raw_html][vc_raw_html]JTNDYnIlM0UlMEE=[\/vc_raw_html][\/vc_column][\/vc_row][vc_row css=&#8221;.vc_custom_1546855823043{padding-right: 30px !important;}&#8221;][vc_column width=&#8221;2\/3&#8243;][vc_column_text css_animation=&#8221;fadeInLeft&#8221; css=&#8221;.vc_custom_1547031616745{padding-right: 100px !important;padding-left: 100px !important;}&#8221;]T\u00dcRK VATANDA\u015eLI\u011eI BA\u015eVURU \u015eARTLARI T\u00fcrk Vatanda\u015fl\u0131\u011f\u0131n istisnai olarak kazan\u0131m\u0131nda asgari \u015fartlar ve yap\u0131lan son de\u011fi\u015fiklikler; 19.09.2018\u00a0tarihinde resmi gazetede yay\u0131nlanan y\u00f6netmelik de\u011fi\u015fikli\u011fine g\u00f6re, T\u00fcrk Vatanda\u015fl\u0131\u011f\u0131n\u0131n istisnai olarak kazan\u0131ma kolayl\u0131klar getirilmi\u015ftir. T\u00fcrk Vatanda\u015fl\u0131\u011f\u0131 Ba\u015fvurusu normal \u015fartlarda T\u00fcrkiye\u2019ye gelerek vize veya&#8230;<\/p>\n","protected":false},"author":1,"featured_media":0,"parent":0,"menu_order":0,"comment_status":"closed","ping_status":"open","template":"page-full-onepage.php","meta":{"footnotes":""},"class_list":["post-1827","page","type-page","status-publish","hentry"],"yoast_head":"<!-- This site is optimized with the Yoast SEO plugin v24.2 - https:\/\/yoast.com\/wordpress\/plugins\/seo\/ -->\n<title>\u0637\u0644\u0628 \u0644\u0644\u062d\u0635\u0648\u0644 \u0639\u0644\u0649 \u0627\u0644\u062c\u0646\u0633\u064a\u0629 \u0627\u0644\u062a\u0631\u0643\u064a\u0629 - Fayyad Group<\/title>\n<meta name=\"robots\" content=\"index, follow, max-snippet:-1, max-image-preview:large, max-video-preview:-1\" \/>\n<link rel=\"canonical\" href=\"https:\/\/fayyadgroup.com\/turk-vatandasligi-basvurusu\/\" \/>\n<meta property=\"og:locale\" content=\"ar_AR\" \/>\n<meta property=\"og:type\" content=\"article\" \/>\n<meta property=\"og:title\" content=\"\u0637\u0644\u0628 \u0644\u0644\u062d\u0635\u0648\u0644 \u0639\u0644\u0649 \u0627\u0644\u062c\u0646\u0633\u064a\u0629 \u0627\u0644\u062a\u0631\u0643\u064a\u0629 - Fayyad Group\" \/>\n<meta property=\"og:description\" content=\"[vc_row css=&#8221;.vc_custom_1546871733430{margin-top: 80px !important;margin-bottom: 80px !important;background-color: #bababa !important;}&#8221;][vc_column][vc_raw_html]JTNDYnIlM0UlMEE=[\/vc_raw_html][vc_raw_html]JTNDYnIlM0UlMEE=[\/vc_raw_html][\/vc_column][\/vc_row][vc_row css=&#8221;.vc_custom_1546855823043{padding-right: 30px !important;}&#8221;][vc_column width=&#8221;2\/3&#8243;][vc_column_text css_animation=&#8221;fadeInLeft&#8221; css=&#8221;.vc_custom_1547031616745{padding-right: 100px !important;padding-left: 100px !important;}&#8221;]T\u00dcRK VATANDA\u015eLI\u011eI BA\u015eVURU \u015eARTLARI T\u00fcrk Vatanda\u015fl\u0131\u011f\u0131n istisnai olarak kazan\u0131m\u0131nda asgari \u015fartlar ve yap\u0131lan son de\u011fi\u015fiklikler; 19.09.2018\u00a0tarihinde resmi gazetede yay\u0131nlanan y\u00f6netmelik de\u011fi\u015fikli\u011fine g\u00f6re, T\u00fcrk Vatanda\u015fl\u0131\u011f\u0131n\u0131n istisnai olarak kazan\u0131ma kolayl\u0131klar getirilmi\u015ftir. T\u00fcrk Vatanda\u015fl\u0131\u011f\u0131 Ba\u015fvurusu normal \u015fartlarda T\u00fcrkiye\u2019ye gelerek vize veya...\" \/>\n<meta property=\"og:url\" content=\"https:\/\/fayyadgroup.com\/turk-vatandasligi-basvurusu\/\" \/>\n<meta property=\"og:site_name\" content=\"Fayyad Group\" \/>\n<meta property=\"article:publisher\" content=\"https:\/\/www.facebook.com\/fayyadgroup\/?modal=admin_todo_tour\" \/>\n<meta property=\"article:modified_time\" content=\"2019-06-12T10:31:38+00:00\" \/>\n<meta name=\"twitter:card\" content=\"summary_large_image\" \/>\n<meta name=\"twitter:label1\" content=\"\u0648\u0642\u062a \u0627\u0644\u0642\u0631\u0627\u0621\u0629 \u0627\u0644\u0645\u064f\u0642\u062f\u0651\u0631\" \/>\n\t<meta name=\"twitter:data1\" content=\"13 \u062f\u0642\u064a\u0642\u0629\" \/>\n<script type=\"application\/ld+json\" class=\"yoast-schema-graph\">{\"@context\":\"https:\/\/schema.org\",\"@graph\":[{\"@type\":\"WebPage\",\"@id\":\"https:\/\/fayyadgroup.com\/turk-vatandasligi-basvurusu\/\",\"url\":\"https:\/\/fayyadgroup.com\/turk-vatandasligi-basvurusu\/\",\"name\":\"\u0637\u0644\u0628 \u0644\u0644\u062d\u0635\u0648\u0644 \u0639\u0644\u0649 \u0627\u0644\u062c\u0646\u0633\u064a\u0629 \u0627\u0644\u062a\u0631\u0643\u064a\u0629 - Fayyad Group\",\"isPartOf\":{\"@id\":\"https:\/\/fayyadgroup.com\/#website\"},\"datePublished\":\"2019-01-07T12:14:29+00:00\",\"dateModified\":\"2019-06-12T10:31:38+00:00\",\"breadcrumb\":{\"@id\":\"https:\/\/fayyadgroup.com\/turk-vatandasligi-basvurusu\/#breadcrumb\"},\"inLanguage\":\"ar\",\"potentialAction\":[{\"@type\":\"ReadAction\",\"target\":[\"https:\/\/fayyadgroup.com\/turk-vatandasligi-basvurusu\/\"]}]},{\"@type\":\"BreadcrumbList\",\"@id\":\"https:\/\/fayyadgroup.com\/turk-vatandasligi-basvurusu\/#breadcrumb\",\"itemListElement\":[{\"@type\":\"ListItem\",\"position\":1,\"name\":\"Ana sayfa\",\"item\":\"https:\/\/fayyadgroup.com\/\"},{\"@type\":\"ListItem\",\"position\":2,\"name\":\"T\u00dcRK VATANDA\u015eLI\u011eI BA\u015eVURUSU\"}]},{\"@type\":\"WebSite\",\"@id\":\"https:\/\/fayyadgroup.com\/#website\",\"url\":\"https:\/\/fayyadgroup.com\/\",\"name\":\"Fayyad Group\",\"description\":\"\u062e\u062f\u0645\u0627\u062a \u0627\u0633\u062a\u0634\u0627\u0631\u064a\u0629 \u0648\u0627\u0633\u062a\u062b\u0645\u0627\u0631\u064a\u0629\",\"publisher\":{\"@id\":\"https:\/\/fayyadgroup.com\/#organization\"},\"potentialAction\":[{\"@type\":\"SearchAction\",\"target\":{\"@type\":\"EntryPoint\",\"urlTemplate\":\"https:\/\/fayyadgroup.com\/?s={search_term_string}\"},\"query-input\":{\"@type\":\"PropertyValueSpecification\",\"valueRequired\":true,\"valueName\":\"search_term_string\"}}],\"inLanguage\":\"ar\"},{\"@type\":\"Organization\",\"@id\":\"https:\/\/fayyadgroup.com\/#organization\",\"name\":\"Fayyad Group\",\"url\":\"https:\/\/fayyadgroup.com\/\",\"logo\":{\"@type\":\"ImageObject\",\"inLanguage\":\"ar\",\"@id\":\"https:\/\/fayyadgroup.com\/#\/schema\/logo\/image\/\",\"url\":\"https:\/\/fayyadgroup.com\/wp-content\/uploads\/2019\/01\/ovallogo.png\",\"contentUrl\":\"https:\/\/fayyadgroup.com\/wp-content\/uploads\/2019\/01\/ovallogo.png\",\"width\":834,\"height\":836,\"caption\":\"Fayyad Group\"},\"image\":{\"@id\":\"https:\/\/fayyadgroup.com\/#\/schema\/logo\/image\/\"},\"sameAs\":[\"https:\/\/www.facebook.com\/fayyadgroup\/?modal=admin_todo_tour\",\"https:\/\/www.instagram.com\/fayyad.group\/\"]}]}<\/script>\n<!-- \/ Yoast SEO plugin. -->","yoast_head_json":{"title":"\u0637\u0644\u0628 \u0644\u0644\u062d\u0635\u0648\u0644 \u0639\u0644\u0649 \u0627\u0644\u062c\u0646\u0633\u064a\u0629 \u0627\u0644\u062a\u0631\u0643\u064a\u0629 - Fayyad Group","robots":{"index":"index","follow":"follow","max-snippet":"max-snippet:-1","max-image-preview":"max-image-preview:large","max-video-preview":"max-video-preview:-1"},"canonical":"https:\/\/fayyadgroup.com\/turk-vatandasligi-basvurusu\/","og_locale":"ar_AR","og_type":"article","og_title":"\u0637\u0644\u0628 \u0644\u0644\u062d\u0635\u0648\u0644 \u0639\u0644\u0649 \u0627\u0644\u062c\u0646\u0633\u064a\u0629 \u0627\u0644\u062a\u0631\u0643\u064a\u0629 - Fayyad Group","og_description":"[vc_row css=&#8221;.vc_custom_1546871733430{margin-top: 80px !important;margin-bottom: 80px !important;background-color: #bababa !important;}&#8221;][vc_column][vc_raw_html]JTNDYnIlM0UlMEE=[\/vc_raw_html][vc_raw_html]JTNDYnIlM0UlMEE=[\/vc_raw_html][\/vc_column][\/vc_row][vc_row css=&#8221;.vc_custom_1546855823043{padding-right: 30px !important;}&#8221;][vc_column width=&#8221;2\/3&#8243;][vc_column_text css_animation=&#8221;fadeInLeft&#8221; css=&#8221;.vc_custom_1547031616745{padding-right: 100px !important;padding-left: 100px !important;}&#8221;]T\u00dcRK VATANDA\u015eLI\u011eI BA\u015eVURU \u015eARTLARI T\u00fcrk Vatanda\u015fl\u0131\u011f\u0131n istisnai olarak kazan\u0131m\u0131nda asgari \u015fartlar ve yap\u0131lan son de\u011fi\u015fiklikler; 19.09.2018\u00a0tarihinde resmi gazetede yay\u0131nlanan y\u00f6netmelik de\u011fi\u015fikli\u011fine g\u00f6re, T\u00fcrk Vatanda\u015fl\u0131\u011f\u0131n\u0131n istisnai olarak kazan\u0131ma kolayl\u0131klar getirilmi\u015ftir. T\u00fcrk Vatanda\u015fl\u0131\u011f\u0131 Ba\u015fvurusu normal \u015fartlarda T\u00fcrkiye\u2019ye gelerek vize veya...","og_url":"https:\/\/fayyadgroup.com\/turk-vatandasligi-basvurusu\/","og_site_name":"Fayyad Group","article_publisher":"https:\/\/www.facebook.com\/fayyadgroup\/?modal=admin_todo_tour","article_modified_time":"2019-06-12T10:31:38+00:00","twitter_card":"summary_large_image","twitter_misc":{"\u0648\u0642\u062a \u0627\u0644\u0642\u0631\u0627\u0621\u0629 \u0627\u0644\u0645\u064f\u0642\u062f\u0651\u0631":"13 \u062f\u0642\u064a\u0642\u0629"},"schema":{"@context":"https:\/\/schema.org","@graph":[{"@type":"WebPage","@id":"https:\/\/fayyadgroup.com\/turk-vatandasligi-basvurusu\/","url":"https:\/\/fayyadgroup.com\/turk-vatandasligi-basvurusu\/","name":"\u0637\u0644\u0628 \u0644\u0644\u062d\u0635\u0648\u0644 \u0639\u0644\u0649 \u0627\u0644\u062c\u0646\u0633\u064a\u0629 \u0627\u0644\u062a\u0631\u0643\u064a\u0629 - Fayyad Group","isPartOf":{"@id":"https:\/\/fayyadgroup.com\/#website"},"datePublished":"2019-01-07T12:14:29+00:00","dateModified":"2019-06-12T10:31:38+00:00","breadcrumb":{"@id":"https:\/\/fayyadgroup.com\/turk-vatandasligi-basvurusu\/#breadcrumb"},"inLanguage":"ar","potentialAction":[{"@type":"ReadAction","target":["https:\/\/fayyadgroup.com\/turk-vatandasligi-basvurusu\/"]}]},{"@type":"BreadcrumbList","@id":"https:\/\/fayyadgroup.com\/turk-vatandasligi-basvurusu\/#breadcrumb","itemListElement":[{"@type":"ListItem","position":1,"name":"Ana sayfa","item":"https:\/\/fayyadgroup.com\/"},{"@type":"ListItem","position":2,"name":"T\u00dcRK VATANDA\u015eLI\u011eI BA\u015eVURUSU"}]},{"@type":"WebSite","@id":"https:\/\/fayyadgroup.com\/#website","url":"https:\/\/fayyadgroup.com\/","name":"Fayyad Group","description":"\u062e\u062f\u0645\u0627\u062a \u0627\u0633\u062a\u0634\u0627\u0631\u064a\u0629 \u0648\u0627\u0633\u062a\u062b\u0645\u0627\u0631\u064a\u0629","publisher":{"@id":"https:\/\/fayyadgroup.com\/#organization"},"potentialAction":[{"@type":"SearchAction","target":{"@type":"EntryPoint","urlTemplate":"https:\/\/fayyadgroup.com\/?s={search_term_string}"},"query-input":{"@type":"PropertyValueSpecification","valueRequired":true,"valueName":"search_term_string"}}],"inLanguage":"ar"},{"@type":"Organization","@id":"https:\/\/fayyadgroup.com\/#organization","name":"Fayyad Group","url":"https:\/\/fayyadgroup.com\/","logo":{"@type":"ImageObject","inLanguage":"ar","@id":"https:\/\/fayyadgroup.com\/#\/schema\/logo\/image\/","url":"https:\/\/fayyadgroup.com\/wp-content\/uploads\/2019\/01\/ovallogo.png","contentUrl":"https:\/\/fayyadgroup.com\/wp-content\/uploads\/2019\/01\/ovallogo.png","width":834,"height":836,"caption":"Fayyad Group"},"image":{"@id":"https:\/\/fayyadgroup.com\/#\/schema\/logo\/image\/"},"sameAs":["https:\/\/www.facebook.com\/fayyadgroup\/?modal=admin_todo_tour","https:\/\/www.instagram.com\/fayyad.group\/"]}]}},"_links":{"self":[{"href":"https:\/\/fayyadgroup.com\/ar\/wp-json\/wp\/v2\/pages\/1827","targetHints":{"allow":["GET"]}}],"collection":[{"href":"https:\/\/fayyadgroup.com\/ar\/wp-json\/wp\/v2\/pages"}],"about":[{"href":"https:\/\/fayyadgroup.com\/ar\/wp-json\/wp\/v2\/types\/page"}],"author":[{"embeddable":true,"href":"https:\/\/fayyadgroup.com\/ar\/wp-json\/wp\/v2\/users\/1"}],"replies":[{"embeddable":true,"href":"https:\/\/fayyadgroup.com\/ar\/wp-json\/wp\/v2\/comments?post=1827"}],"version-history":[{"count":12,"href":"https:\/\/fayyadgroup.com\/ar\/wp-json\/wp\/v2\/pages\/1827\/revisions"}],"predecessor-version":[{"id":2027,"href":"https:\/\/fayyadgroup.com\/ar\/wp-json\/wp\/v2\/pages\/1827\/revisions\/2027"}],"wp:attachment":[{"href":"https:\/\/fayyadgroup.com\/ar\/wp-json\/wp\/v2\/media?parent=1827"}],"curies":[{"name":"wp","href":"https:\/\/api.w.org\/{rel}","templated":true}]}}