{"id":1846,"date":"2019-01-07T15:07:38","date_gmt":"2019-01-07T13:07:38","guid":{"rendered":"http:\/\/fayyadgroup.com\/?page_id=1846"},"modified":"2019-06-12T13:32:56","modified_gmt":"2019-06-12T10:32:56","slug":"yabanci-personel-calistirma-ve-ikamet-izni","status":"publish","type":"page","link":"https:\/\/fayyadgroup.com\/ar\/yabanci-personel-calistirma-ve-ikamet-izni\/","title":{"rendered":"\u0639\u0645\u0644 \u0634\u062e\u0635\u064a \u0623\u062c\u0646\u0628\u064a \u0648\u062a\u0631\u062e\u064a\u0635 \u0627\u0644\u0625\u0642\u0627\u0645\u0629"},"content":{"rendered":"<div class=\"wpb-content-wrapper\"><p>[vc_row css=&#8221;.vc_custom_1546871210164{margin-top: 80px !important;margin-bottom: 80px !important;background-color: #bababa !important;}&#8221;][vc_column][vc_raw_html]JTNDYnIlM0UlMEE=[\/vc_raw_html]\n\t<h2 class=\"header-main\"\n\t                                                 style=\"color: ; background-color: #bababa;\">YABANCI PERSONEL \u00c7ALI\u015eMA VE \u0130KAMET \u0130ZN\u0130<\/h2>\n\t<span class=\"header-sub\" style=\"color: #bababa; background-color: #bababa;\"><\/span>\n\n\t[vc_raw_html]JTNDYnIlM0UlMEE=[\/vc_raw_html][\/vc_column][\/vc_row][vc_row css=&#8221;.vc_custom_1546855823043{padding-right: 30px !important;}&#8221;][vc_column width=&#8221;2\/3&#8243;][vc_column_text css_animation=&#8221;fadeInLeft&#8221; css=&#8221;.vc_custom_1546866474762{padding-right: 100px !important;padding-left: 100px !important;}&#8221;]<\/p>\n<h3 class=\"vc_custom_heading\">Yabanc\u0131 Personel \u00e7al\u0131\u015fma izni<\/h3>\n<h4 class=\"vc_custom_heading vc_custom_1466404941786\">Fayyad Dan\u0131\u015fmanl\u0131k, 5 y\u0131ll\u0131k tecr\u00fcbesi ve 70&#8217;den fazla nitelikli personeli ile yabanc\u0131 personel \u00e7al\u0131\u015fma izni belge al\u0131m\u0131 tamamlanmas\u0131na kadar her ad\u0131mda sizinle.<\/h4>\n<div class=\"wpb_text_column wpb_content_element \">\n<div class=\"wpb_wrapper\">\n<div class=\"vc_message_box vc_message_box-standard vc_message_box-rounded vc_color-info slogan-4m wpb_animate_when_almost_visible wpb_bottom-to-top wpb_start_animation\">\n<p><strong>Fayyad Dan\u0131\u015fmanl\u0131k,<\/strong>\u00a0<strong>%30<\/strong>\u2019dan fazlas\u0131\u00a0<strong>8-20<\/strong>\u00a0y\u0131l aras\u0131 \u00e7al\u0131\u015fan\u00a0<strong>70\u2019<\/strong>e yak\u0131n nitelikli personeli ile\u00a0<strong>1991<\/strong>\u2019den itibaren\u00a0<strong>10.000<\/strong>\u2019den fazla m\u00fc\u015fterisine etik kurallar\u0131 ile hizmet sunmu\u015f kurumsal bir dan\u0131\u015fmanl\u0131k \u015firketidir.<\/p>\n<p><strong>Bizimle \u00e7al\u0131\u015fm\u0131yor olsan\u0131z dahi aramak ve bilgi almaktan \u00e7ekinmeyiniz.<\/strong><\/p>\n<\/div>\n<\/div>\n<\/div>\n<div class=\"vc_separator wpb_content_element vc_separator_align_center vc_sep_width_100 vc_sep_pos_align_center vc_separator_no_text vc_sep_color_grey\"><\/div>\n<div class=\"wpb_text_column wpb_content_element \">\n<div class=\"wpb_wrapper\">\n<p>Bakanl\u0131k \u00c7al\u0131\u015fma izni ba\u015fvuru dosyalar\u0131n\u0131 a\u015fa\u011f\u0131daki kriterleri dikkate alarak kapsaml\u0131 inceleme yapar.<\/p>\n<div class=\"check_list\">\n<ul>\n<li>\u0130\u015f piyasas\u0131ndaki durum, \u00c7al\u0131\u015fma hayat\u0131ndaki geli\u015fmeler,<\/li>\n<li>\u0130stihdama ili\u015fkin sekt\u00f6rel, co\u011frafi ve ekonomik konjonkt\u00fcr,<\/li>\n<li>Yabanc\u0131n\u0131n yerini doldurabilecek\u00a0<strong>ayn\u0131 niteli\u011fe sahip\u00a0<\/strong>T\u00fcrk personelin bulunmamas\u0131<strong>,<\/strong><\/li>\n<li>Yabanc\u0131 personelin mensup oldu\u011fu \u00fclke,<\/li>\n<li>Yabanc\u0131 personelin uzmanl\u0131k alan\u0131, nitelik ve yetkinlikleri, Yabanc\u0131n\u0131n e\u011fitim durumu,<\/li>\n<li>\u0130\u015fin \u00f6zel niteli\u011fini g\u00f6sterir bilgiler,<\/li>\n<li>\u00c7al\u0131\u015faca\u011f\u0131 i\u015f yerinin ulusal ekonomiye katk\u0131s\u0131 vb. konularda,<br \/>\nYabanc\u0131 personel \u00e7al\u0131\u015ft\u0131r\u0131lmas\u0131na ihtiya\u00e7 duyulmas\u0131 halinde \u00e7al\u0131\u015fma izni onaylan\u0131r.<\/li>\n<\/ul>\n<\/div>\n<\/div>\n<\/div>\n<div class=\"vc_separator wpb_content_element vc_separator_align_center vc_sep_width_100 vc_sep_pos_align_center vc_separator_no_text vc_sep_color_grey\"><\/div>\n<div class=\"wpb_text_column wpb_content_element \">\n<div class=\"wpb_wrapper\">\n<p>T\u00fcrkiye\u2019de yabanc\u0131 \u00e7al\u0131\u015ft\u0131rmak isteyen i\u015fverenler, \u00c7al\u0131\u015fma Bakanl\u0131\u011f\u0131ndan \u00c7al\u0131\u015fma izni almakla y\u00fck\u00fcml\u00fcd\u00fcrler.<\/p>\n<p>Yabanc\u0131 personel \u00c7al\u0131\u015fma \u0130zni al\u0131nmadan yap\u0131lan \u00e7al\u0131\u015fmalar ka\u00e7ak \u00e7al\u0131\u015fma kabul edilir. Denetimlerde tespit edilmesi halinde i\u015fverene ve yabanc\u0131ya idari para cezalar\u0131 uygulan\u0131r. Ayr\u0131ca yabanc\u0131 s\u0131n\u0131r d\u0131\u015f\u0131 edilebilir.<\/p>\n<h4><strong>\u00c7ALI\u015eMA \u0130ZN\u0130 ALINAB\u0130LMES\u0130 \u0130\u00c7\u0130N;<\/strong><\/h4>\n<p>Yabanc\u0131n\u0131n mesle\u011fi, Resmi kurumlarda kay\u0131tl\u0131 \u00f6nceki bilgileri, \u0130\u015fverenin sa\u011flamas\u0131 gereken yasal \u015fartlar\u0131n\u0131n yeterli olmas\u0131 gereklidir.<\/p>\n<h4><strong>T\u00dcRK\u0130YE\u2019DE B\u0130R \u0130\u015eVEREN\u0130N YABANCI PERSONEL \u00c7ALI\u015eTIRAB\u0130LMES\u0130 \u0130\u00c7\u0130N;<\/strong><\/h4>\n<p>\u0130\u015fyerinin \u00f6denmi\u015f sermayesinin\u00a0<strong>en az 100.000 TL\u00a0<\/strong><strong>veya<\/strong>\u00a0br\u00fct sat\u0131\u015flar\u0131n\u0131n\u00a0<strong>en az 800.000 TL\u00a0<\/strong><strong>veya<\/strong>\u00a0son y\u0131l ihracat tutar\u0131n\u0131n\u00a0<strong>en az 250.000 ABD Dolar\u0131<\/strong>\u00a0olmas\u0131 gerekmektedir.<\/p>\n<p>Devlet ihalesi ile al\u0131nan i\u015flerde \u00e7al\u0131\u015facak yabanc\u0131lar hari\u00e7 olmak \u00fczere \u015firketler, \u00e7al\u0131\u015ft\u0131raca\u011f\u0131 her bir yabanc\u0131 i\u00e7in en az\u00a0<strong>5 T\u00fcrk<\/strong>\u00a0vatanda\u015f\u0131n\u0131n \u00e7al\u0131\u015f\u0131yor olmas\u0131 yasal zorunluluktur.<\/p>\n<h4><strong>YABANCILARA VER\u0130LECEK \u00dcCRET ALT SINIRI:<\/strong><\/h4>\n<p>\u0130\u015fverenlerin \u00e7al\u0131\u015ft\u0131racaklar\u0131 yabanc\u0131lar\u0131n mesleklerine ve \u00e7al\u0131\u015ft\u0131racaklar\u0131 i\u015flere g\u00f6re \u00f6demesi gereken \u00fccret alt s\u0131n\u0131r\u0131 Bakanl\u0131k\u2019a belirlenmi\u015ftir.<\/p>\n<p><strong>\u0130\u015fverenin \u00f6demesi gereken br\u00fct \u00fccretler;<\/strong><\/p>\n<ol>\n<li><strong>\u00dcst d\u00fczey y\u00f6neticiler, pilotlar\u00a0<\/strong>ve \u00f6n izin talebinde bulunan\u00a0<strong>m\u00fchendis ve mimarlar<\/strong>\u00a0i\u00e7in; asgari \u00fccretin\u00a0<strong>6,5 kat\u0131d\u0131r.<\/strong><\/li>\n<li><strong>M\u00fchendis ve mimarlar ile Birim veya \u015fube m\u00fcd\u00fcrleri\u00a0<\/strong>i\u00e7in asgari \u00fccretin\u00a0<strong>4 kat\u0131d\u0131r.<\/strong><\/li>\n<li><strong>\u00d6\u011fretmenler ile psikolog, fizyoterapist, mas\u00f6r, mas\u00f6z, m\u00fczisyen, sahne sanat\u00e7\u0131s\u0131, akrobat\u00a0<\/strong>ve benzeri unvanlarda \u00e7al\u0131\u015facak yabanc\u0131lar ile\u00a0<strong>Uzmanl\u0131k ve ustal\u0131k<\/strong>\u00a0gerektiren i\u015flerde \u00e7al\u0131\u015facaklar i\u00e7in\u00a0asgari \u00fccretin\u00a0<strong>3 kat\u0131d\u0131r.<\/strong><\/li>\n<li><strong>Ev hizmetlerinde,\u00a0<\/strong>Sat\u0131\u015f eleman\u0131, pazarlama-ihracat g\u00f6revlisi gibi g\u00f6revlerde \u00e7al\u0131\u015facak yabanc\u0131lar i\u00e7in asgari \u00fccretin\u00a0<strong>1 kat\u0131\u00a0<\/strong>olmas\u0131 gerekmektedir.<\/li>\n<\/ol>\n<\/div>\n<\/div>\n<p>[\/vc_column_text][\/vc_column][vc_column width=&#8221;1\/3&#8243;]\n<div class=\"wpcf7 no-js\" id=\"wpcf7-f112-o3\" lang=\"en-US\" dir=\"ltr\">\n<div class=\"screen-reader-response\"><p role=\"status\" aria-live=\"polite\" aria-atomic=\"true\"><\/p> <ul><\/ul><\/div>\n<form action=\"\/ar\/wp-json\/wp\/v2\/pages\/1846#wpcf7-f112-o3\" method=\"post\" class=\"wpcf7-form init\" aria-label=\"Contact form\" novalidate=\"novalidate\" data-status=\"init\">\n<div style=\"display: none;\">\n<input type=\"hidden\" name=\"_wpcf7\" value=\"112\" \/>\n<input type=\"hidden\" name=\"_wpcf7_version\" value=\"5.9.5\" \/>\n<input type=\"hidden\" name=\"_wpcf7_locale\" value=\"en_US\" \/>\n<input type=\"hidden\" name=\"_wpcf7_unit_tag\" value=\"wpcf7-f112-o3\" \/>\n<input type=\"hidden\" name=\"_wpcf7_container_post\" value=\"0\" \/>\n<input type=\"hidden\" name=\"_wpcf7_posted_data_hash\" value=\"\" \/>\n<\/div>\n<div class=\"row\">\n\t<div class=\"col-sm-12 form-group\">\n\t\t<p><span class=\"wpcf7-form-control-wrap\" data-name=\"name\"><input size=\"40\" class=\"wpcf7-form-control wpcf7-text wpcf7-validates-as-required form-control\" aria-required=\"true\" aria-invalid=\"false\" placeholder=\"Ad ve Soyad *\" value=\"\" type=\"text\" name=\"name\" \/><\/span>\n\t\t<\/p>\n\t<\/div>\n\t<div class=\"col-sm-12 form-group\">\n\t\t<p><span class=\"wpcf7-form-control-wrap\" data-name=\"email\"><input size=\"40\" class=\"wpcf7-form-control wpcf7-email wpcf7-validates-as-required wpcf7-text wpcf7-validates-as-email form-control\" aria-required=\"true\" aria-invalid=\"false\" placeholder=\"E-Posta *\" value=\"\" type=\"email\" name=\"email\" \/><\/span>\n\t\t<\/p>\n\t<\/div>\n\t<div class=\"col-sm-12 form-group\">\n\t\t<p><span class=\"wpcf7-form-control-wrap\" data-name=\"subject\"><input size=\"40\" class=\"wpcf7-form-control wpcf7-text form-control\" aria-invalid=\"false\" placeholder=\"Telefon\" value=\"\" type=\"text\" name=\"subject\" \/><\/span>\n\t\t<\/p>\n\t<\/div>\n<\/div>\n<div class=\"form-group\">\n\t<p><span class=\"wpcf7-form-control-wrap\" data-name=\"message\"><textarea cols=\"40\" rows=\"7\" class=\"wpcf7-form-control wpcf7-textarea wpcf7-validates-as-required form-control\" aria-required=\"true\" aria-invalid=\"false\" placeholder=\"Talebiniz *\" name=\"message\"><\/textarea><\/span>\n\t<\/p>\n<\/div>\n<div class=\"form-group\">\n\t<p><input class=\"wpcf7-form-control wpcf7-submit has-spinner btn btn-default btn-wide\" type=\"submit\" value=\"G\u00f6nder\" \/>\n\t<\/p>\n<\/div><div class=\"wpcf7-response-output\" aria-hidden=\"true\"><\/div>\n<\/form>\n<\/div>\n[vc_single_image image=&#8221;1847&#8243; img_size=&#8221;medium&#8221;][\/vc_column][\/vc_row]<\/p>\n<\/div>","protected":false},"excerpt":{"rendered":"<p>[vc_row css=&#8221;.vc_custom_1546871210164{margin-top: 80px !important;margin-bottom: 80px !important;background-color: #bababa !important;}&#8221;][vc_column][vc_raw_html]JTNDYnIlM0UlMEE=[\/vc_raw_html][vc_raw_html]JTNDYnIlM0UlMEE=[\/vc_raw_html][\/vc_column][\/vc_row][vc_row css=&#8221;.vc_custom_1546855823043{padding-right: 30px !important;}&#8221;][vc_column width=&#8221;2\/3&#8243;][vc_column_text css_animation=&#8221;fadeInLeft&#8221; css=&#8221;.vc_custom_1546866474762{padding-right: 100px !important;padding-left: 100px !important;}&#8221;] Yabanc\u0131 Personel \u00e7al\u0131\u015fma izni Fayyad Dan\u0131\u015fmanl\u0131k, 5 y\u0131ll\u0131k tecr\u00fcbesi ve 70&#8217;den fazla nitelikli personeli ile yabanc\u0131 personel \u00e7al\u0131\u015fma izni belge al\u0131m\u0131 tamamlanmas\u0131na kadar her ad\u0131mda sizinle. Fayyad Dan\u0131\u015fmanl\u0131k,\u00a0%30\u2019dan fazlas\u0131\u00a08-20\u00a0y\u0131l aras\u0131 \u00e7al\u0131\u015fan\u00a070\u2019e yak\u0131n nitelikli personeli ile\u00a01991\u2019den itibaren\u00a010.000\u2019den fazla&#8230;<\/p>\n","protected":false},"author":1,"featured_media":0,"parent":0,"menu_order":0,"comment_status":"closed","ping_status":"closed","template":"page-full-onepage.php","meta":{"footnotes":""},"class_list":["post-1846","page","type-page","status-publish","hentry"],"yoast_head":"<!-- This site is optimized with the Yoast SEO plugin v24.2 - https:\/\/yoast.com\/wordpress\/plugins\/seo\/ -->\n<title>\u0639\u0645\u0644 \u0634\u062e\u0635\u064a \u0623\u062c\u0646\u0628\u064a \u0648\u062a\u0631\u062e\u064a\u0635 \u0627\u0644\u0625\u0642\u0627\u0645\u0629 - Fayyad Group<\/title>\n<meta name=\"robots\" content=\"index, follow, max-snippet:-1, max-image-preview:large, max-video-preview:-1\" \/>\n<link rel=\"canonical\" href=\"https:\/\/fayyadgroup.com\/yabanci-personel-calistirma-ve-ikamet-izni\/\" \/>\n<meta property=\"og:locale\" content=\"ar_AR\" \/>\n<meta property=\"og:type\" content=\"article\" \/>\n<meta property=\"og:title\" content=\"\u0639\u0645\u0644 \u0634\u062e\u0635\u064a \u0623\u062c\u0646\u0628\u064a \u0648\u062a\u0631\u062e\u064a\u0635 \u0627\u0644\u0625\u0642\u0627\u0645\u0629 - Fayyad Group\" \/>\n<meta property=\"og:description\" content=\"[vc_row css=&#8221;.vc_custom_1546871210164{margin-top: 80px !important;margin-bottom: 80px !important;background-color: #bababa !important;}&#8221;][vc_column][vc_raw_html]JTNDYnIlM0UlMEE=[\/vc_raw_html][vc_raw_html]JTNDYnIlM0UlMEE=[\/vc_raw_html][\/vc_column][\/vc_row][vc_row css=&#8221;.vc_custom_1546855823043{padding-right: 30px !important;}&#8221;][vc_column width=&#8221;2\/3&#8243;][vc_column_text css_animation=&#8221;fadeInLeft&#8221; css=&#8221;.vc_custom_1546866474762{padding-right: 100px !important;padding-left: 100px !important;}&#8221;] Yabanc\u0131 Personel \u00e7al\u0131\u015fma izni Fayyad Dan\u0131\u015fmanl\u0131k, 5 y\u0131ll\u0131k tecr\u00fcbesi ve 70&#8217;den fazla nitelikli personeli ile yabanc\u0131 personel \u00e7al\u0131\u015fma izni belge al\u0131m\u0131 tamamlanmas\u0131na kadar her ad\u0131mda sizinle. Fayyad Dan\u0131\u015fmanl\u0131k,\u00a0%30\u2019dan fazlas\u0131\u00a08-20\u00a0y\u0131l aras\u0131 \u00e7al\u0131\u015fan\u00a070\u2019e yak\u0131n nitelikli personeli ile\u00a01991\u2019den itibaren\u00a010.000\u2019den fazla...\" \/>\n<meta property=\"og:url\" content=\"https:\/\/fayyadgroup.com\/yabanci-personel-calistirma-ve-ikamet-izni\/\" \/>\n<meta property=\"og:site_name\" content=\"Fayyad Group\" \/>\n<meta property=\"article:publisher\" content=\"https:\/\/www.facebook.com\/fayyadgroup\/?modal=admin_todo_tour\" \/>\n<meta property=\"article:modified_time\" content=\"2019-06-12T10:32:56+00:00\" \/>\n<meta name=\"twitter:card\" content=\"summary_large_image\" \/>\n<meta name=\"twitter:label1\" content=\"\u0648\u0642\u062a \u0627\u0644\u0642\u0631\u0627\u0621\u0629 \u0627\u0644\u0645\u064f\u0642\u062f\u0651\u0631\" \/>\n\t<meta name=\"twitter:data1\" content=\"9 \u062f\u0642\u0627\u0626\u0642\" \/>\n<script type=\"application\/ld+json\" class=\"yoast-schema-graph\">{\"@context\":\"https:\/\/schema.org\",\"@graph\":[{\"@type\":\"WebPage\",\"@id\":\"https:\/\/fayyadgroup.com\/yabanci-personel-calistirma-ve-ikamet-izni\/\",\"url\":\"https:\/\/fayyadgroup.com\/yabanci-personel-calistirma-ve-ikamet-izni\/\",\"name\":\"\u0639\u0645\u0644 \u0634\u062e\u0635\u064a \u0623\u062c\u0646\u0628\u064a \u0648\u062a\u0631\u062e\u064a\u0635 \u0627\u0644\u0625\u0642\u0627\u0645\u0629 - Fayyad Group\",\"isPartOf\":{\"@id\":\"https:\/\/fayyadgroup.com\/#website\"},\"datePublished\":\"2019-01-07T13:07:38+00:00\",\"dateModified\":\"2019-06-12T10:32:56+00:00\",\"breadcrumb\":{\"@id\":\"https:\/\/fayyadgroup.com\/yabanci-personel-calistirma-ve-ikamet-izni\/#breadcrumb\"},\"inLanguage\":\"ar\",\"potentialAction\":[{\"@type\":\"ReadAction\",\"target\":[\"https:\/\/fayyadgroup.com\/yabanci-personel-calistirma-ve-ikamet-izni\/\"]}]},{\"@type\":\"BreadcrumbList\",\"@id\":\"https:\/\/fayyadgroup.com\/yabanci-personel-calistirma-ve-ikamet-izni\/#breadcrumb\",\"itemListElement\":[{\"@type\":\"ListItem\",\"position\":1,\"name\":\"Ana sayfa\",\"item\":\"https:\/\/fayyadgroup.com\/\"},{\"@type\":\"ListItem\",\"position\":2,\"name\":\"YABANCI PERSONEL \u00c7ALI\u015eMA VE \u0130KAMET \u0130ZN\u0130\"}]},{\"@type\":\"WebSite\",\"@id\":\"https:\/\/fayyadgroup.com\/#website\",\"url\":\"https:\/\/fayyadgroup.com\/\",\"name\":\"Fayyad Group\",\"description\":\"\u062e\u062f\u0645\u0627\u062a \u0627\u0633\u062a\u0634\u0627\u0631\u064a\u0629 \u0648\u0627\u0633\u062a\u062b\u0645\u0627\u0631\u064a\u0629\",\"publisher\":{\"@id\":\"https:\/\/fayyadgroup.com\/#organization\"},\"potentialAction\":[{\"@type\":\"SearchAction\",\"target\":{\"@type\":\"EntryPoint\",\"urlTemplate\":\"https:\/\/fayyadgroup.com\/?s={search_term_string}\"},\"query-input\":{\"@type\":\"PropertyValueSpecification\",\"valueRequired\":true,\"valueName\":\"search_term_string\"}}],\"inLanguage\":\"ar\"},{\"@type\":\"Organization\",\"@id\":\"https:\/\/fayyadgroup.com\/#organization\",\"name\":\"Fayyad Group\",\"url\":\"https:\/\/fayyadgroup.com\/\",\"logo\":{\"@type\":\"ImageObject\",\"inLanguage\":\"ar\",\"@id\":\"https:\/\/fayyadgroup.com\/#\/schema\/logo\/image\/\",\"url\":\"https:\/\/fayyadgroup.com\/wp-content\/uploads\/2019\/01\/ovallogo.png\",\"contentUrl\":\"https:\/\/fayyadgroup.com\/wp-content\/uploads\/2019\/01\/ovallogo.png\",\"width\":834,\"height\":836,\"caption\":\"Fayyad Group\"},\"image\":{\"@id\":\"https:\/\/fayyadgroup.com\/#\/schema\/logo\/image\/\"},\"sameAs\":[\"https:\/\/www.facebook.com\/fayyadgroup\/?modal=admin_todo_tour\",\"https:\/\/www.instagram.com\/fayyad.group\/\"]}]}<\/script>\n<!-- \/ Yoast SEO plugin. -->","yoast_head_json":{"title":"\u0639\u0645\u0644 \u0634\u062e\u0635\u064a \u0623\u062c\u0646\u0628\u064a \u0648\u062a\u0631\u062e\u064a\u0635 \u0627\u0644\u0625\u0642\u0627\u0645\u0629 - Fayyad Group","robots":{"index":"index","follow":"follow","max-snippet":"max-snippet:-1","max-image-preview":"max-image-preview:large","max-video-preview":"max-video-preview:-1"},"canonical":"https:\/\/fayyadgroup.com\/yabanci-personel-calistirma-ve-ikamet-izni\/","og_locale":"ar_AR","og_type":"article","og_title":"\u0639\u0645\u0644 \u0634\u062e\u0635\u064a \u0623\u062c\u0646\u0628\u064a \u0648\u062a\u0631\u062e\u064a\u0635 \u0627\u0644\u0625\u0642\u0627\u0645\u0629 - Fayyad Group","og_description":"[vc_row css=&#8221;.vc_custom_1546871210164{margin-top: 80px !important;margin-bottom: 80px !important;background-color: #bababa !important;}&#8221;][vc_column][vc_raw_html]JTNDYnIlM0UlMEE=[\/vc_raw_html][vc_raw_html]JTNDYnIlM0UlMEE=[\/vc_raw_html][\/vc_column][\/vc_row][vc_row css=&#8221;.vc_custom_1546855823043{padding-right: 30px !important;}&#8221;][vc_column width=&#8221;2\/3&#8243;][vc_column_text css_animation=&#8221;fadeInLeft&#8221; css=&#8221;.vc_custom_1546866474762{padding-right: 100px !important;padding-left: 100px !important;}&#8221;] Yabanc\u0131 Personel \u00e7al\u0131\u015fma izni Fayyad Dan\u0131\u015fmanl\u0131k, 5 y\u0131ll\u0131k tecr\u00fcbesi ve 70&#8217;den fazla nitelikli personeli ile yabanc\u0131 personel \u00e7al\u0131\u015fma izni belge al\u0131m\u0131 tamamlanmas\u0131na kadar her ad\u0131mda sizinle. Fayyad Dan\u0131\u015fmanl\u0131k,\u00a0%30\u2019dan fazlas\u0131\u00a08-20\u00a0y\u0131l aras\u0131 \u00e7al\u0131\u015fan\u00a070\u2019e yak\u0131n nitelikli personeli ile\u00a01991\u2019den itibaren\u00a010.000\u2019den fazla...","og_url":"https:\/\/fayyadgroup.com\/yabanci-personel-calistirma-ve-ikamet-izni\/","og_site_name":"Fayyad Group","article_publisher":"https:\/\/www.facebook.com\/fayyadgroup\/?modal=admin_todo_tour","article_modified_time":"2019-06-12T10:32:56+00:00","twitter_card":"summary_large_image","twitter_misc":{"\u0648\u0642\u062a \u0627\u0644\u0642\u0631\u0627\u0621\u0629 \u0627\u0644\u0645\u064f\u0642\u062f\u0651\u0631":"9 \u062f\u0642\u0627\u0626\u0642"},"schema":{"@context":"https:\/\/schema.org","@graph":[{"@type":"WebPage","@id":"https:\/\/fayyadgroup.com\/yabanci-personel-calistirma-ve-ikamet-izni\/","url":"https:\/\/fayyadgroup.com\/yabanci-personel-calistirma-ve-ikamet-izni\/","name":"\u0639\u0645\u0644 \u0634\u062e\u0635\u064a \u0623\u062c\u0646\u0628\u064a \u0648\u062a\u0631\u062e\u064a\u0635 \u0627\u0644\u0625\u0642\u0627\u0645\u0629 - Fayyad Group","isPartOf":{"@id":"https:\/\/fayyadgroup.com\/#website"},"datePublished":"2019-01-07T13:07:38+00:00","dateModified":"2019-06-12T10:32:56+00:00","breadcrumb":{"@id":"https:\/\/fayyadgroup.com\/yabanci-personel-calistirma-ve-ikamet-izni\/#breadcrumb"},"inLanguage":"ar","potentialAction":[{"@type":"ReadAction","target":["https:\/\/fayyadgroup.com\/yabanci-personel-calistirma-ve-ikamet-izni\/"]}]},{"@type":"BreadcrumbList","@id":"https:\/\/fayyadgroup.com\/yabanci-personel-calistirma-ve-ikamet-izni\/#breadcrumb","itemListElement":[{"@type":"ListItem","position":1,"name":"Ana sayfa","item":"https:\/\/fayyadgroup.com\/"},{"@type":"ListItem","position":2,"name":"YABANCI PERSONEL \u00c7ALI\u015eMA VE \u0130KAMET \u0130ZN\u0130"}]},{"@type":"WebSite","@id":"https:\/\/fayyadgroup.com\/#website","url":"https:\/\/fayyadgroup.com\/","name":"Fayyad Group","description":"\u062e\u062f\u0645\u0627\u062a \u0627\u0633\u062a\u0634\u0627\u0631\u064a\u0629 \u0648\u0627\u0633\u062a\u062b\u0645\u0627\u0631\u064a\u0629","publisher":{"@id":"https:\/\/fayyadgroup.com\/#organization"},"potentialAction":[{"@type":"SearchAction","target":{"@type":"EntryPoint","urlTemplate":"https:\/\/fayyadgroup.com\/?s={search_term_string}"},"query-input":{"@type":"PropertyValueSpecification","valueRequired":true,"valueName":"search_term_string"}}],"inLanguage":"ar"},{"@type":"Organization","@id":"https:\/\/fayyadgroup.com\/#organization","name":"Fayyad Group","url":"https:\/\/fayyadgroup.com\/","logo":{"@type":"ImageObject","inLanguage":"ar","@id":"https:\/\/fayyadgroup.com\/#\/schema\/logo\/image\/","url":"https:\/\/fayyadgroup.com\/wp-content\/uploads\/2019\/01\/ovallogo.png","contentUrl":"https:\/\/fayyadgroup.com\/wp-content\/uploads\/2019\/01\/ovallogo.png","width":834,"height":836,"caption":"Fayyad Group"},"image":{"@id":"https:\/\/fayyadgroup.com\/#\/schema\/logo\/image\/"},"sameAs":["https:\/\/www.facebook.com\/fayyadgroup\/?modal=admin_todo_tour","https:\/\/www.instagram.com\/fayyad.group\/"]}]}},"_links":{"self":[{"href":"https:\/\/fayyadgroup.com\/ar\/wp-json\/wp\/v2\/pages\/1846","targetHints":{"allow":["GET"]}}],"collection":[{"href":"https:\/\/fayyadgroup.com\/ar\/wp-json\/wp\/v2\/pages"}],"about":[{"href":"https:\/\/fayyadgroup.com\/ar\/wp-json\/wp\/v2\/types\/page"}],"author":[{"embeddable":true,"href":"https:\/\/fayyadgroup.com\/ar\/wp-json\/wp\/v2\/users\/1"}],"replies":[{"embeddable":true,"href":"https:\/\/fayyadgroup.com\/ar\/wp-json\/wp\/v2\/comments?post=1846"}],"version-history":[{"count":12,"href":"https:\/\/fayyadgroup.com\/ar\/wp-json\/wp\/v2\/pages\/1846\/revisions"}],"predecessor-version":[{"id":2028,"href":"https:\/\/fayyadgroup.com\/ar\/wp-json\/wp\/v2\/pages\/1846\/revisions\/2028"}],"wp:attachment":[{"href":"https:\/\/fayyadgroup.com\/ar\/wp-json\/wp\/v2\/media?parent=1846"}],"curies":[{"name":"wp","href":"https:\/\/api.w.org\/{rel}","templated":true}]}}