{"id":1937,"date":"2019-01-08T15:38:48","date_gmt":"2019-01-08T13:38:48","guid":{"rendered":"http:\/\/fayyadgroup.com\/?page_id=1937"},"modified":"2019-06-12T13:28:38","modified_gmt":"2019-06-12T10:28:38","slug":"oturma-izni","status":"publish","type":"page","link":"https:\/\/fayyadgroup.com\/ar\/oturma-izni\/","title":{"rendered":"\u062a\u0635\u0631\u064a\u062d \u0627\u0644\u0639\u064a\u0634"},"content":{"rendered":"<div class=\"wpb-content-wrapper\"><p>[vc_row css=&#8221;.vc_custom_1546871733430{margin-top: 80px !important;margin-bottom: 80px !important;background-color: #bababa !important;}&#8221;][vc_column][vc_raw_html]JTNDYnIlM0UlMEE=[\/vc_raw_html]\n\t<h2 class=\"header-main\"\n\t                                                 style=\"color: ; background-color: #bababa;\">\u062a\u0635\u0631\u064a\u062d \u0627\u0644\u0639\u064a\u0634<\/h2>\n\t<span class=\"header-sub\" style=\"color: #bababa; background-color: #bababa;\"><\/span>\n\n\t[vc_raw_html]JTNDYnIlM0UlMEE=[\/vc_raw_html][\/vc_column][\/vc_row][vc_row css=&#8221;.vc_custom_1546855823043{padding-right: 30px !important;}&#8221;][vc_column width=&#8221;2\/3&#8243;][vc_column_text css_animation=&#8221;fadeInLeft&#8221; css=&#8221;.vc_custom_1547454057543{padding-right: 100px !important;padding-left: 100px !important;}&#8221;]\u0130lk ba\u015fvurular veya de\u011fi\u015fim ba\u015fvurular\u0131 ba\u015fvuru t\u00fcr\u00fcne (k\u0131sa d\u00f6nem, daimi, aile veya \u00f6\u011frenci ikamet izni) g\u00f6re veya kalma amac\u0131na g\u00f6re de\u011fi\u015fmekte ve ba\u015fvuru vize veya ikamet izninin biti\u015f tarihinden \u00f6nce yap\u0131lmal\u0131d\u0131r.<\/p>\n<p>Oturma izni ba\u015fvurusu yapmak i\u00e7in, ikamet izni ba\u015fvuru formunu tamamen doldurmal\u0131s\u0131n\u0131z. L\u00fctfen durumunuzla ilgili belgelerin i\u00e7eri\u011finin eksiksiz oldu\u011fundan emin olun.<\/p>\n<p>Ba\u015fvuru formunu doldurduktan sonra, ikamet izni ba\u015fvuru formu, ba\u015fvuru tarihi, zaman\u0131 ve numaras\u0131n\u0131 gereken belgelerle birlikte sistem taraf\u0131ndan \u00fcretilecektir. Yabanc\u0131 bu form ile randevu tarihine kadar yasal olarak T\u00fcrkiye\u2019de ikamet etme hakk\u0131na sahiptir. Bununla birlikte, bu belge yabanc\u0131n\u0131n \u00fclkeye giri\u015f ve \u00e7\u0131k\u0131\u015f hakk\u0131n\u0131 garanti alt\u0131na almamaktad\u0131r.<\/p>\n<p>Ba\u015fvuru s\u00fcrecinde, foto\u011fraf\u0131n\u0131z\u0131n sisteme y\u00fcklenmesi gerekmektedir.<\/p>\n<p>Oturma izni i\u00e7in randevu tarih ve saatinizde G\u00f6\u00e7 \u0130daresi \u0130l M\u00fcd\u00fcrl\u00fc\u011f\u00fc\u2019ne ba\u015fvurman\u0131z gerekmektedir. Aksi durumda ba\u015fvurunuz i\u015fleme giremeyecektir. Ba\u015fvuru iptali veya g\u00fcncelleme s\u00f6z konusu olmamaktad\u0131r.<\/p>\n<p>Gerekli \u015fartlar\u0131 ta\u015f\u0131man\u0131z ve talebinizin uygun bulunmas\u0131 durumunda, ikamet izni s\u00fcreniz ba\u015flam\u0131\u015f olmaktad\u0131r, kural olarak, vizenin biti\u015f tarihinde ikamet izni s\u00fcresi dolmaktad\u0131r.<\/p>\n<header class=\"entry-header\">\n<h2 class=\"article-title\">Yabanc\u0131 oturma izni i\u00e7in gerekli evraklar<\/h2>\n<\/header>\n<div class=\"post-article\">\n<div class=\"entry-content clearfix vertical-margin\">\n<ol>\n<li><strong>K\u0131sa D\u00f6nem \u0130kamet \u0130zni i\u00e7in gerekli belgeler<\/strong><\/li>\n<\/ol>\n<ul>\n<li>Noter onayl\u0131 kira s\u00f6zle\u015fmesi veya misafir olarak bir yerde kal\u0131nacaksa ev sahibinin noter onayl\u0131 taahh\u00fctnamesi<\/li>\n<li>Kal\u0131nacak her ay i\u00e7in 500 dolar l\u0131k banka hesab\u0131<\/li>\n<li>Kendi \u00fclkesinden al\u0131nm\u0131\u015f do\u011fum belgesi<\/li>\n<li>T\u00fcrkiye den al\u0131nm\u0131\u015f sab\u0131ka ka\u011f\u0131d\u0131<\/li>\n<li>Misafir olarak kal\u0131nacaksa taahh\u00fctname veren ki\u015finin maa\u015f bordrosu<\/li>\n<li>\u00d6zel sa\u011fl\u0131k sigortas\u0131<\/li>\n<li>Otelde kalacaklar i\u00e7in kal\u0131nacak s\u00fcre boyunca al\u0131nm\u0131\u015f provizyon belgesi<\/li>\n<li>Yabanc\u0131n\u0131n yan\u0131nda \u00e7ocu\u011fu bulunmas\u0131 durumunda babadan al\u0131nm\u0131\u015f izin belgesi (bu belge apostil onayl\u0131 olmas\u0131 gerekmektedir.<\/li>\n<li>Pasaport fotokopisi (latin harfleri bulunmamas\u0131 durumunda T\u00fcrk\u00e7e terc\u00fcme ve noter onay\u0131 gereklidir.<\/li>\n<li>4 adet foto\u011fraf<\/li>\n<li>Turizm b\u00f6lgelerimiz d\u0131\u015f\u0131nda kalan (\u0130stanbul, \u0130zmir, Antalya, Mu\u011fla ve k\u0131y\u0131 \u015feridi illerimizin haricinde ikamet edecek yabanc\u0131lar) bir veya iki senelik ikamet izni alamayabilirler)<\/li>\n<\/ul>\n<ol start=\"2\">\n<li><strong>Aile \u0130kamet \u0130zni\u00a0i\u00e7in gerekli belgeler<\/strong><\/li>\n<\/ol>\n<p>2.1. T\u00fcrk vatanda\u015flar\u0131yla evli olanlar i\u00e7in<\/p>\n<p>\u0130lk ba\u015fvuru<\/p>\n<p>Ba\u015fvuru sahibi taraf\u0131ndan;<\/p>\n<ul>\n<li>\u0130kamet izni ba\u015fvuru formu<\/li>\n<li>Pasaport yada seyahat belgesinin orjinali ve fotokopisi<\/li>\n<li>4 foto\u011fraf<\/li>\n<li>Evlili\u011fe ili\u015fkin belge<\/li>\n<\/ul>\n<p>Kefil taraf\u0131ndan (Ba\u015fvuru s\u00fcrecinde bulunmal\u0131)<\/p>\n<ul>\n<li>Kimlik kart\u0131n\u0131n orjinali ve fotokopisi<\/li>\n<li>Ya\u015fam\u0131n\u0131 s\u00fcrd\u00fcrmek i\u00e7in yeterlilik ve s\u00fcrd\u00fcrebilirli\u011fe ili\u015fkin belge<\/li>\n<\/ul>\n<p><strong>3.\u00d6\u011frenci \u0130kamet \u0130zni\u00a0i\u00e7in gerekli belgeler<\/strong><\/p>\n<p>3.1.\u0130lk-Orta E\u011fitim<\/p>\n<p>3.1.1.\u0130lk ba\u015fvuru<\/p>\n<p>&gt; \u0130kamet izni ba\u015fvuru formu<\/p>\n<p>&gt; Pasaport yada seyahat belgesinin orjinali ve fotokopisi<\/p>\n<p>&gt; T\u00fcrkiye Cumhuriyeti\u2019nin d\u0131\u015f temsilcilerinden al\u0131nm\u0131\u015f ilgili vize.<\/p>\n<p>&gt; 4 foto\u011fraf<\/p>\n<p>&gt; Yeterlilik hakk\u0131nda tebligat<\/p>\n<p><strong>4.Daimi \u0130kamet \u0130zni\u00a0i\u00e7in gerekli belgeler<\/strong><\/p>\n<p>4.1. Son 8 y\u0131l i\u00e7inde T\u00fcrkiye\u2019de s\u00fcrekli bulunan yabanc\u0131lar i\u00e7in \u0130kamet izni<\/p>\n<p>4.1.1. \u0130lk ba\u015fvuru<\/p>\n<p>&gt; \u0130kamet izni ba\u015fvuru formu<\/p>\n<p>&gt; Pasaport yada seyahat belgesinin orjinali ve fotokopisi<\/p>\n<p>&gt; Eski ikamet izni belgesinin teslimi<\/p>\n<p>&gt; 2 Foto\u011fraf<\/p>\n<p>&gt; Son 3 y\u0131l i\u00e7inde devletten hi\u00e7bir sosyal yard\u0131m al\u0131nmad\u0131\u011f\u0131na dair belge.<\/p>\n<blockquote><p>Ya\u015fam\u0131n\u0131 s\u00fcrd\u00fcrmek i\u00e7in yeterlilik ve s\u00fcrd\u00fcrebilirli\u011fe ili\u015fkin belge<\/p><\/blockquote>\n<p><a href=\"http:\/\/www.goc.gov.tr\/icerik6\/ikamet-izni-basvurulari-icin-gerekli-belgeler_350_361_3603_icerik\" data-wpel-link=\"external\">http:\/\/www.goc.gov.tr\/icerik6\/ikamet-izni-basvurulari-icin-gerekli-belgeler_350_361_3603_icerik<\/a><\/p>\n<\/div>\n<\/div>\n<p>Gerekli belgeler ikamet iznine veya kalmak istedi\u011finiz nedene g\u00f6re de\u011fi\u015febilmektedir. \u0130dare her zaman ek bilgi veya ikamet izni talebinizle alakal\u0131 belge isteyebilmektedir. Talep etti\u011finiz ikamet izni periyodundan 60 g\u00fcn daha uzun s\u00fcreli pasaport veya pasaport yerine ge\u00e7en belgeye sahip olman\u0131z gerekmektedir.<\/p>\n<p>Randevu tarihinizde sizinle birlikte yasal temsilcinizin gelmesi halinde, bu ki\u015finin yasal temsilci oldu\u011funu kan\u0131tlay\u0131c\u0131 belgeleri g\u00f6ndermesi gereklidir.<\/p>\n<p>Ba\u015fvuru ve kart \u00fccretini \u00f6deme ofislerine, mal m\u00fcd\u00fcrl\u00fcklerine veya Ekonomi Bakanl\u0131\u011f\u0131\u2019nca onayl\u0131 bankalara \u00f6deyebilirsiniz. L\u00fctfen ba\u015fvuru ve kart \u00fccretini ayr\u0131 ayr\u0131 \u00f6deyiniz ve her ikisi i\u00e7in de dekont isteyiniz.<\/p>\n<p>\u2013\u00a0\u00a0\u00a0\u00a0\u00a0\u00a0\u00a0\u00a0\u00a0\u00a0 Foto\u011fraf beyaz arkaplan kullan\u0131larak, biyometrik olarak son 6 ay i\u00e7erisinde \u00e7ekilmi\u015f olmal\u0131d\u0131r. (yabanc\u0131n\u0131n y\u00fcz\u00fcn\u00fc \u00f6n cepheden kolayca tan\u0131nmas\u0131n\u0131 sa\u011flayacak \u015fekilde)<\/p>\n<p>\u2013\u00a0\u00a0\u00a0\u00a0\u00a0\u00a0\u00a0\u00a0\u00a0\u00a0 Pasaportun Latin harfleri kullan\u0131larak yaz\u0131lmad\u0131\u011f\u0131 durumlarda, yeminli terc\u00fcmanlar veya resmi otoriteler taraf\u0131ndan onaylanm\u0131\u015f \u00e7eviri de ba\u015fvuruya eklenmelidir.<\/p>\n<p>\u2013\u00a0\u00a0\u00a0\u00a0\u00a0\u00a0\u00a0\u00a0\u00a0\u00a0 \u0130dare, ikamet izni ba\u015fvuru s\u00fcrecinde yabanc\u0131n\u0131n do\u011fum sertifikas\u0131n\u0131 talep edebilir.<\/p>\n<p>\u2013\u00a0\u00a0\u00a0\u00a0\u00a0\u00a0\u00a0 \u00a0\u00a0\u00a0Talep edilen ikamet izni periyodu boyunca, e\u011fer yiyecek, konaklama veya sa\u011fl\u0131k harcamalar\u0131n\u0131z kamu idareleri taraf\u0131ndan kar\u015f\u0131lan\u0131yorsa, ilgili belgeyi idareye bildirmeniz gerekmektedir.<\/p>\n<p>\u2013\u00a0\u00a0\u00a0\u00a0\u00a0\u00a0\u00a0\u00a0\u00a0\u00a0 18 ya\u015f\u0131n\u0131n alt\u0131nda olunmas\u0131 ile ili\u015fkin durumlarda, ki\u015finin uzakta ya\u015fayan anne babas\u0131 veya yasal temsilcileri taraf\u0131ndan muvafakatname ve ger\u00e7ek ve t\u00fczel ki\u015filer taraf\u0131ndan taahh\u00fctname verilmesi ve idareye g\u00f6nderilmesi gerekmektedir.<\/p>\n<p>\u0130kamet izni ba\u015fvurular\u0131 i\u00e7in gereken belgeler hakk\u0131nda a\u015fa\u011f\u0131daki d\u00f6k\u00fcman\u0131 kullanabilirsiniz:\u00a0<a href=\"http:\/\/www.goc.gov.tr\/icerik6\/ikamet-izni-basvurulari-icin-gerekli-belgeler_350_361_3603_icerik\">http:\/\/www.goc.gov.tr\/icerik6\/ikamet-izni-basvurulari-icin-gerekli-belgeler_350_361_3603_icerik<\/a><\/p>\n<p><strong>EKS\u0130K EVRAK S\u00dcREC\u0130\u00a0\u00a0\u00a0\u00a0\u00a0<\/strong><\/p>\n<p>Ba\u015fvuru s\u00fcrecinde talep edilen tamamlay\u0131c\u0131 bilgi ve belgeleri vermeniz ve gerekenler evraklar\u0131 30 g\u00fcn i\u00e7inde g\u00f6ndermeniz gerekmektedir.<\/p>\n<p>Belgeler verilen s\u00fcrede tamamlanmad\u0131\u011f\u0131 takdirde, ba\u015fvurunuz silinebilir ve vize hakk\u0131nda genel h\u00fck\u00fcmler ve ikamet izni ihlalleri s\u00f6z konusu olabilmektedir.<\/p>\n<p><strong>RESM\u0130 \u00c7A\u011eRILARA CEVAP VERME ZORUNLULU\u011eU<\/strong><\/p>\n<p>6458 say\u0131l\u0131 kanunun 97. Maddesine g\u00f6re, G\u00f6\u00e7 \u0130daresi Genel Direkt\u00f6rl\u00fc\u011f\u00fc veya \u0130l G\u00f6\u00e7 \u0130dareleri a\u015fa\u011f\u0131daki durumlar i\u00e7in bulunman\u0131z\u0131 talep edebilmektedir :<\/p>\n<p>-T\u00fcrkiye\u2019ye girme ve kalma hakk\u0131nda gereken soru\u015fturmalar\u0131nda<\/p>\n<p>-\u00dclkeden ihra\u00e7 karar\u0131 al\u0131nmas\u0131n\u0131n m\u00fcmk\u00fcn oldu\u011fu durumlarda<\/p>\n<p>\u2013 \u0130lgili kanunun uygulanmas\u0131 hakk\u0131nda bilgilendirme gereken durumlarda.<\/p>\n<p>Resmi \u00e7a\u011fr\u0131lara cevap vermemeniz durumunda ya da cevaplanmama hakk\u0131nda ciddi ku\u015fkular varsa, emniyet g\u00fc\u00e7leri taraf\u0131ndan \u00e7a\u011fr\u0131lmaks\u0131z\u0131n al\u0131nabilirsiniz.<\/p>\n<p><strong>\u0130LET\u0130\u015e\u0130M<\/strong><\/p>\n<p>Onay ve bilgi i\u00e7in, ge\u00e7erli bir telefon numaras\u0131 ve kulland\u0131\u011f\u0131n\u0131z bir e-posta adresi vermeniz gerekmektedir. Bilgilendirmeler verdi\u011finiz telefon ve e-post adresine yap\u0131lmaktad\u0131r.<\/p>\n<p>L\u00fctfen e-posta kutunuzu ikamet izni belgeleriniz ula\u015fana kadar kontrol ediniz (belgeler Junk E-mail kutusuna d\u00fc\u015febilir). L\u00fctfen @goc.gov.tr uzant\u0131l\u0131 mail d\u0131\u015f\u0131nda bir uzant\u0131dan gelen mailleri dikkate almay\u0131n\u0131z.<\/p>\n<p>\u0130l G\u00f6\u00e7 \u0130darelerinin adresleri i\u00e7in :\u00a0<a href=\"http:\/\/www.goc.gov.tr\/icerik3\/il-mudurlukleri-adresleri_362_371_5769\">http:\/\/www.goc.gov.tr\/icerik3\/il-mudurlukleri-adresleri_362_371_5769<\/a><\/p>\n<p><strong>\u00d6NCEK\u0130 RANDEVULAR<\/strong><\/p>\n<p>18 May\u0131s 2015 tarihinden \u00f6nce Yabanc\u0131lar \u015eubesi taraf\u0131ndan verilen randevular\u0131n sistem \u00fczerinden yenilenmesi gerekmektedir.<\/p>\n<p>\u00d6nceki randevular\u0131n tarihi ve numaras\u0131n\u0131n sisteme kay\u0131t edilmesi gerekmektedir.<\/p>\n<p>M\u00fcmk\u00fcnse \u00f6nceki randevu belgesinin ba\u015fvuru g\u00fcn\u00fcnde g\u00f6nderilmesi gerekmektedir.<\/p>\n<p><strong>YASAL Y\u00dcK\u00dcML\u00dcL\u00dcKLER<\/strong><\/p>\n<p>(!) \u0130\u015fleme al\u0131nmayan ba\u015fvurular i\u00e7in, genel h\u00fck\u00fcmlerle vize veya ikamet izni ihlallerine ba\u015fvurulabilir.<\/p>\n<p>(!) Yaln\u0131zca vermi\u015f oldu\u011funuz bilgilerin do\u011frulu\u011fundan sorumlusunuz.<\/p>\n<p>(!) Yanl\u0131\u015f beyanat vermeniz durumunda, hakk\u0131n\u0131zda yasal i\u015flem yap\u0131labilir, ikamet izni ba\u015fvurunun reddedilebilir, e\u011fer hali haz\u0131rda ikamet izni verilmi\u015fse, 5237 say\u0131l\u0131 ve 26\/9\/2004 tarihli T\u00fcrk Ceza Kanunu\u2019nun 206 numaral\u0131 maddesine g\u00f6re iptal edilebilir. (2017)[\/vc_column_text][\/vc_column][vc_column width=&#8221;1\/3&#8243;]\n<div class=\"wpcf7 no-js\" id=\"wpcf7-f112-o3\" lang=\"en-US\" dir=\"ltr\">\n<div class=\"screen-reader-response\"><p role=\"status\" aria-live=\"polite\" aria-atomic=\"true\"><\/p> <ul><\/ul><\/div>\n<form action=\"\/ar\/wp-json\/wp\/v2\/pages\/1937#wpcf7-f112-o3\" method=\"post\" class=\"wpcf7-form init\" aria-label=\"Contact form\" novalidate=\"novalidate\" data-status=\"init\">\n<div style=\"display: none;\">\n<input type=\"hidden\" name=\"_wpcf7\" value=\"112\" \/>\n<input type=\"hidden\" name=\"_wpcf7_version\" value=\"5.9.5\" \/>\n<input type=\"hidden\" name=\"_wpcf7_locale\" value=\"en_US\" \/>\n<input type=\"hidden\" name=\"_wpcf7_unit_tag\" value=\"wpcf7-f112-o3\" \/>\n<input type=\"hidden\" name=\"_wpcf7_container_post\" value=\"0\" \/>\n<input type=\"hidden\" name=\"_wpcf7_posted_data_hash\" value=\"\" \/>\n<\/div>\n<div class=\"row\">\n\t<div class=\"col-sm-12 form-group\">\n\t\t<p><span class=\"wpcf7-form-control-wrap\" data-name=\"name\"><input size=\"40\" class=\"wpcf7-form-control wpcf7-text wpcf7-validates-as-required form-control\" aria-required=\"true\" aria-invalid=\"false\" placeholder=\"Ad ve Soyad *\" value=\"\" type=\"text\" name=\"name\" \/><\/span>\n\t\t<\/p>\n\t<\/div>\n\t<div class=\"col-sm-12 form-group\">\n\t\t<p><span class=\"wpcf7-form-control-wrap\" data-name=\"email\"><input size=\"40\" class=\"wpcf7-form-control wpcf7-email wpcf7-validates-as-required wpcf7-text wpcf7-validates-as-email form-control\" aria-required=\"true\" aria-invalid=\"false\" placeholder=\"E-Posta *\" value=\"\" type=\"email\" name=\"email\" \/><\/span>\n\t\t<\/p>\n\t<\/div>\n\t<div class=\"col-sm-12 form-group\">\n\t\t<p><span class=\"wpcf7-form-control-wrap\" data-name=\"subject\"><input size=\"40\" class=\"wpcf7-form-control wpcf7-text form-control\" aria-invalid=\"false\" placeholder=\"Telefon\" value=\"\" type=\"text\" name=\"subject\" \/><\/span>\n\t\t<\/p>\n\t<\/div>\n<\/div>\n<div class=\"form-group\">\n\t<p><span class=\"wpcf7-form-control-wrap\" data-name=\"message\"><textarea cols=\"40\" rows=\"7\" class=\"wpcf7-form-control wpcf7-textarea wpcf7-validates-as-required form-control\" aria-required=\"true\" aria-invalid=\"false\" placeholder=\"Talebiniz *\" name=\"message\"><\/textarea><\/span>\n\t<\/p>\n<\/div>\n<div class=\"form-group\">\n\t<p><input class=\"wpcf7-form-control wpcf7-submit has-spinner btn btn-default btn-wide\" type=\"submit\" value=\"G\u00f6nder\" \/>\n\t<\/p>\n<\/div><div class=\"wpcf7-response-output\" aria-hidden=\"true\"><\/div>\n<\/form>\n<\/div>\n[vc_single_image image=&#8221;1928&#8243; img_size=&#8221;medium&#8221; title=&#8221;OTURMA \u0130ZN\u0130&#8221;][\/vc_column][\/vc_row]<\/p>\n<\/div>","protected":false},"excerpt":{"rendered":"<p>[vc_row css=&#8221;.vc_custom_1546871733430{margin-top: 80px !important;margin-bottom: 80px !important;background-color: #bababa !important;}&#8221;][vc_column][vc_raw_html]JTNDYnIlM0UlMEE=[\/vc_raw_html][vc_raw_html]JTNDYnIlM0UlMEE=[\/vc_raw_html][\/vc_column][\/vc_row][vc_row css=&#8221;.vc_custom_1546855823043{padding-right: 30px !important;}&#8221;][vc_column width=&#8221;2\/3&#8243;][vc_column_text css_animation=&#8221;fadeInLeft&#8221; css=&#8221;.vc_custom_1547454057543{padding-right: 100px !important;padding-left: 100px !important;}&#8221;]\u0130lk ba\u015fvurular veya de\u011fi\u015fim ba\u015fvurular\u0131 ba\u015fvuru t\u00fcr\u00fcne (k\u0131sa d\u00f6nem, daimi, aile veya \u00f6\u011frenci ikamet izni) g\u00f6re veya kalma amac\u0131na g\u00f6re de\u011fi\u015fmekte ve ba\u015fvuru vize veya ikamet izninin biti\u015f tarihinden \u00f6nce yap\u0131lmal\u0131d\u0131r. Oturma izni ba\u015fvurusu yapmak i\u00e7in, ikamet izni&#8230;<\/p>\n","protected":false},"author":1,"featured_media":0,"parent":0,"menu_order":0,"comment_status":"closed","ping_status":"closed","template":"page-full-onepage.php","meta":{"footnotes":""},"class_list":["post-1937","page","type-page","status-publish","hentry"],"yoast_head":"<!-- This site is optimized with the Yoast SEO plugin v24.2 - https:\/\/yoast.com\/wordpress\/plugins\/seo\/ -->\n<title>\u062a\u0635\u0631\u064a\u062d \u0627\u0644\u0639\u064a\u0634 - Fayyad Group<\/title>\n<meta name=\"robots\" content=\"index, follow, max-snippet:-1, max-image-preview:large, max-video-preview:-1\" \/>\n<link rel=\"canonical\" href=\"https:\/\/fayyadgroup.com\/oturma-izni\/\" \/>\n<meta property=\"og:locale\" content=\"ar_AR\" \/>\n<meta property=\"og:type\" content=\"article\" \/>\n<meta property=\"og:title\" content=\"\u062a\u0635\u0631\u064a\u062d \u0627\u0644\u0639\u064a\u0634 - Fayyad Group\" \/>\n<meta property=\"og:description\" content=\"[vc_row css=&#8221;.vc_custom_1546871733430{margin-top: 80px !important;margin-bottom: 80px !important;background-color: #bababa !important;}&#8221;][vc_column][vc_raw_html]JTNDYnIlM0UlMEE=[\/vc_raw_html][vc_raw_html]JTNDYnIlM0UlMEE=[\/vc_raw_html][\/vc_column][\/vc_row][vc_row css=&#8221;.vc_custom_1546855823043{padding-right: 30px !important;}&#8221;][vc_column width=&#8221;2\/3&#8243;][vc_column_text css_animation=&#8221;fadeInLeft&#8221; css=&#8221;.vc_custom_1547454057543{padding-right: 100px !important;padding-left: 100px !important;}&#8221;]\u0130lk ba\u015fvurular veya de\u011fi\u015fim ba\u015fvurular\u0131 ba\u015fvuru t\u00fcr\u00fcne (k\u0131sa d\u00f6nem, daimi, aile veya \u00f6\u011frenci ikamet izni) g\u00f6re veya kalma amac\u0131na g\u00f6re de\u011fi\u015fmekte ve ba\u015fvuru vize veya ikamet izninin biti\u015f tarihinden \u00f6nce yap\u0131lmal\u0131d\u0131r. Oturma izni ba\u015fvurusu yapmak i\u00e7in, ikamet izni...\" \/>\n<meta property=\"og:url\" content=\"https:\/\/fayyadgroup.com\/oturma-izni\/\" \/>\n<meta property=\"og:site_name\" content=\"Fayyad Group\" \/>\n<meta property=\"article:publisher\" content=\"https:\/\/www.facebook.com\/fayyadgroup\/?modal=admin_todo_tour\" \/>\n<meta property=\"article:modified_time\" content=\"2019-06-12T10:28:38+00:00\" \/>\n<meta name=\"twitter:card\" content=\"summary_large_image\" \/>\n<meta name=\"twitter:label1\" content=\"\u0648\u0642\u062a \u0627\u0644\u0642\u0631\u0627\u0621\u0629 \u0627\u0644\u0645\u064f\u0642\u062f\u0651\u0631\" \/>\n\t<meta name=\"twitter:data1\" content=\"18 \u062f\u0642\u064a\u0642\u0629\" \/>\n<script type=\"application\/ld+json\" class=\"yoast-schema-graph\">{\"@context\":\"https:\/\/schema.org\",\"@graph\":[{\"@type\":\"WebPage\",\"@id\":\"https:\/\/fayyadgroup.com\/oturma-izni\/\",\"url\":\"https:\/\/fayyadgroup.com\/oturma-izni\/\",\"name\":\"\u062a\u0635\u0631\u064a\u062d \u0627\u0644\u0639\u064a\u0634 - Fayyad Group\",\"isPartOf\":{\"@id\":\"https:\/\/fayyadgroup.com\/#website\"},\"datePublished\":\"2019-01-08T13:38:48+00:00\",\"dateModified\":\"2019-06-12T10:28:38+00:00\",\"breadcrumb\":{\"@id\":\"https:\/\/fayyadgroup.com\/oturma-izni\/#breadcrumb\"},\"inLanguage\":\"ar\",\"potentialAction\":[{\"@type\":\"ReadAction\",\"target\":[\"https:\/\/fayyadgroup.com\/oturma-izni\/\"]}]},{\"@type\":\"BreadcrumbList\",\"@id\":\"https:\/\/fayyadgroup.com\/oturma-izni\/#breadcrumb\",\"itemListElement\":[{\"@type\":\"ListItem\",\"position\":1,\"name\":\"Ana sayfa\",\"item\":\"https:\/\/fayyadgroup.com\/\"},{\"@type\":\"ListItem\",\"position\":2,\"name\":\"OTURMA \u0130ZN\u0130\"}]},{\"@type\":\"WebSite\",\"@id\":\"https:\/\/fayyadgroup.com\/#website\",\"url\":\"https:\/\/fayyadgroup.com\/\",\"name\":\"Fayyad Group\",\"description\":\"\u062e\u062f\u0645\u0627\u062a \u0627\u0633\u062a\u0634\u0627\u0631\u064a\u0629 \u0648\u0627\u0633\u062a\u062b\u0645\u0627\u0631\u064a\u0629\",\"publisher\":{\"@id\":\"https:\/\/fayyadgroup.com\/#organization\"},\"potentialAction\":[{\"@type\":\"SearchAction\",\"target\":{\"@type\":\"EntryPoint\",\"urlTemplate\":\"https:\/\/fayyadgroup.com\/?s={search_term_string}\"},\"query-input\":{\"@type\":\"PropertyValueSpecification\",\"valueRequired\":true,\"valueName\":\"search_term_string\"}}],\"inLanguage\":\"ar\"},{\"@type\":\"Organization\",\"@id\":\"https:\/\/fayyadgroup.com\/#organization\",\"name\":\"Fayyad Group\",\"url\":\"https:\/\/fayyadgroup.com\/\",\"logo\":{\"@type\":\"ImageObject\",\"inLanguage\":\"ar\",\"@id\":\"https:\/\/fayyadgroup.com\/#\/schema\/logo\/image\/\",\"url\":\"https:\/\/fayyadgroup.com\/wp-content\/uploads\/2019\/01\/ovallogo.png\",\"contentUrl\":\"https:\/\/fayyadgroup.com\/wp-content\/uploads\/2019\/01\/ovallogo.png\",\"width\":834,\"height\":836,\"caption\":\"Fayyad Group\"},\"image\":{\"@id\":\"https:\/\/fayyadgroup.com\/#\/schema\/logo\/image\/\"},\"sameAs\":[\"https:\/\/www.facebook.com\/fayyadgroup\/?modal=admin_todo_tour\",\"https:\/\/www.instagram.com\/fayyad.group\/\"]}]}<\/script>\n<!-- \/ Yoast SEO plugin. -->","yoast_head_json":{"title":"\u062a\u0635\u0631\u064a\u062d \u0627\u0644\u0639\u064a\u0634 - Fayyad Group","robots":{"index":"index","follow":"follow","max-snippet":"max-snippet:-1","max-image-preview":"max-image-preview:large","max-video-preview":"max-video-preview:-1"},"canonical":"https:\/\/fayyadgroup.com\/oturma-izni\/","og_locale":"ar_AR","og_type":"article","og_title":"\u062a\u0635\u0631\u064a\u062d \u0627\u0644\u0639\u064a\u0634 - Fayyad Group","og_description":"[vc_row css=&#8221;.vc_custom_1546871733430{margin-top: 80px !important;margin-bottom: 80px !important;background-color: #bababa !important;}&#8221;][vc_column][vc_raw_html]JTNDYnIlM0UlMEE=[\/vc_raw_html][vc_raw_html]JTNDYnIlM0UlMEE=[\/vc_raw_html][\/vc_column][\/vc_row][vc_row css=&#8221;.vc_custom_1546855823043{padding-right: 30px !important;}&#8221;][vc_column width=&#8221;2\/3&#8243;][vc_column_text css_animation=&#8221;fadeInLeft&#8221; css=&#8221;.vc_custom_1547454057543{padding-right: 100px !important;padding-left: 100px !important;}&#8221;]\u0130lk ba\u015fvurular veya de\u011fi\u015fim ba\u015fvurular\u0131 ba\u015fvuru t\u00fcr\u00fcne (k\u0131sa d\u00f6nem, daimi, aile veya \u00f6\u011frenci ikamet izni) g\u00f6re veya kalma amac\u0131na g\u00f6re de\u011fi\u015fmekte ve ba\u015fvuru vize veya ikamet izninin biti\u015f tarihinden \u00f6nce yap\u0131lmal\u0131d\u0131r. Oturma izni ba\u015fvurusu yapmak i\u00e7in, ikamet izni...","og_url":"https:\/\/fayyadgroup.com\/oturma-izni\/","og_site_name":"Fayyad Group","article_publisher":"https:\/\/www.facebook.com\/fayyadgroup\/?modal=admin_todo_tour","article_modified_time":"2019-06-12T10:28:38+00:00","twitter_card":"summary_large_image","twitter_misc":{"\u0648\u0642\u062a \u0627\u0644\u0642\u0631\u0627\u0621\u0629 \u0627\u0644\u0645\u064f\u0642\u062f\u0651\u0631":"18 \u062f\u0642\u064a\u0642\u0629"},"schema":{"@context":"https:\/\/schema.org","@graph":[{"@type":"WebPage","@id":"https:\/\/fayyadgroup.com\/oturma-izni\/","url":"https:\/\/fayyadgroup.com\/oturma-izni\/","name":"\u062a\u0635\u0631\u064a\u062d \u0627\u0644\u0639\u064a\u0634 - Fayyad Group","isPartOf":{"@id":"https:\/\/fayyadgroup.com\/#website"},"datePublished":"2019-01-08T13:38:48+00:00","dateModified":"2019-06-12T10:28:38+00:00","breadcrumb":{"@id":"https:\/\/fayyadgroup.com\/oturma-izni\/#breadcrumb"},"inLanguage":"ar","potentialAction":[{"@type":"ReadAction","target":["https:\/\/fayyadgroup.com\/oturma-izni\/"]}]},{"@type":"BreadcrumbList","@id":"https:\/\/fayyadgroup.com\/oturma-izni\/#breadcrumb","itemListElement":[{"@type":"ListItem","position":1,"name":"Ana sayfa","item":"https:\/\/fayyadgroup.com\/"},{"@type":"ListItem","position":2,"name":"OTURMA \u0130ZN\u0130"}]},{"@type":"WebSite","@id":"https:\/\/fayyadgroup.com\/#website","url":"https:\/\/fayyadgroup.com\/","name":"Fayyad Group","description":"\u062e\u062f\u0645\u0627\u062a \u0627\u0633\u062a\u0634\u0627\u0631\u064a\u0629 \u0648\u0627\u0633\u062a\u062b\u0645\u0627\u0631\u064a\u0629","publisher":{"@id":"https:\/\/fayyadgroup.com\/#organization"},"potentialAction":[{"@type":"SearchAction","target":{"@type":"EntryPoint","urlTemplate":"https:\/\/fayyadgroup.com\/?s={search_term_string}"},"query-input":{"@type":"PropertyValueSpecification","valueRequired":true,"valueName":"search_term_string"}}],"inLanguage":"ar"},{"@type":"Organization","@id":"https:\/\/fayyadgroup.com\/#organization","name":"Fayyad Group","url":"https:\/\/fayyadgroup.com\/","logo":{"@type":"ImageObject","inLanguage":"ar","@id":"https:\/\/fayyadgroup.com\/#\/schema\/logo\/image\/","url":"https:\/\/fayyadgroup.com\/wp-content\/uploads\/2019\/01\/ovallogo.png","contentUrl":"https:\/\/fayyadgroup.com\/wp-content\/uploads\/2019\/01\/ovallogo.png","width":834,"height":836,"caption":"Fayyad Group"},"image":{"@id":"https:\/\/fayyadgroup.com\/#\/schema\/logo\/image\/"},"sameAs":["https:\/\/www.facebook.com\/fayyadgroup\/?modal=admin_todo_tour","https:\/\/www.instagram.com\/fayyad.group\/"]}]}},"_links":{"self":[{"href":"https:\/\/fayyadgroup.com\/ar\/wp-json\/wp\/v2\/pages\/1937","targetHints":{"allow":["GET"]}}],"collection":[{"href":"https:\/\/fayyadgroup.com\/ar\/wp-json\/wp\/v2\/pages"}],"about":[{"href":"https:\/\/fayyadgroup.com\/ar\/wp-json\/wp\/v2\/types\/page"}],"author":[{"embeddable":true,"href":"https:\/\/fayyadgroup.com\/ar\/wp-json\/wp\/v2\/users\/1"}],"replies":[{"embeddable":true,"href":"https:\/\/fayyadgroup.com\/ar\/wp-json\/wp\/v2\/comments?post=1937"}],"version-history":[{"count":12,"href":"https:\/\/fayyadgroup.com\/ar\/wp-json\/wp\/v2\/pages\/1937\/revisions"}],"predecessor-version":[{"id":2026,"href":"https:\/\/fayyadgroup.com\/ar\/wp-json\/wp\/v2\/pages\/1937\/revisions\/2026"}],"wp:attachment":[{"href":"https:\/\/fayyadgroup.com\/ar\/wp-json\/wp\/v2\/media?parent=1937"}],"curies":[{"name":"wp","href":"https:\/\/api.w.org\/{rel}","templated":true}]}}