{"id":1827,"date":"2019-01-07T14:14:29","date_gmt":"2019-01-07T12:14:29","guid":{"rendered":"http:\/\/fayyadgroup.com\/?page_id=1827"},"modified":"2019-06-12T13:31:38","modified_gmt":"2019-06-12T10:31:38","slug":"turk-vatandasligi-basvurusu","status":"publish","type":"page","link":"https:\/\/fayyadgroup.com\/en\/turk-vatandasligi-basvurusu\/","title":{"rendered":"APPLICATION FOR TURKISH CITIZENSHIP"},"content":{"rendered":"<div class=\"wpb-content-wrapper\"><p>[vc_row css=&#8221;.vc_custom_1546871733430{margin-top: 80px !important;margin-bottom: 80px !important;background-color: #bababa !important;}&#8221;][vc_column][vc_raw_html]JTNDYnIlM0UlMEE=[\/vc_raw_html]\n\t<h2 class=\"header-main\"\n\t                                                 style=\"color: ; background-color: #bababa;\">APPLICATION FOR TURKISH CITIZENSHIP<\/h2>\n\t<span class=\"header-sub\" style=\"color: #bababa; background-color: #bababa;\"><\/span>\n\n\t[vc_raw_html]JTNDYnIlM0UlMEE=[\/vc_raw_html][\/vc_column][\/vc_row][vc_row css=&#8221;.vc_custom_1546855823043{padding-right: 30px !important;}&#8221;][vc_column width=&#8221;2\/3&#8243;][vc_column_text css_animation=&#8221;fadeInLeft&#8221; css=&#8221;.vc_custom_1547561964013{padding-right: 100px !important;padding-left: 100px !important;}&#8221;]<strong>CONDITIONS OF TURKISH CITIZENSHIP<\/strong><\/p>\n<p>Minimum conditions and recent changes in the acquisition of Turkish citizenship as exceptional;<\/p>\n<p>According to the regulation amendment published in the official gazette on 19.09.2018, the convenience of Turkish citizenship was made exceptionally.<\/p>\n<p>Turkish Citizenship Application came to Turkey in normal conditions visa or visa exemption period on foreigners wishing to stay longer, it is being required to take permission residence permit or a study Turkish citizenship demands on the foreigners will 5901 numbered Turkish Citizenship Law with specified period in by the stay in Turkey and ministries must meet the minimum requirements.<\/p>\n<p>With the decision dated 12.12.2016 and numbered 9601, some articles have been added to the conditions of exceptional acquisition of Turkish citizenship. In this context, it is stated that fixed capital investor, immovable purchasers, employers, depositors in Turkish banks, foreigners buying government debt instruments may apply for Turkish citizenship in exceptional circumstances.<\/p>\n<p>After the relevant decision date, many Turkish citizenship applications were processed and concluded, but foreigners who found the minimum amount or the amount required for the application were not able to carry out the transaction.<\/p>\n<p>In this context, the demands were evaluated and the decision to amend the regulation on the application of the Turkish citizenship law was published in the Official Gazette dated 19.09.2018 and numbered 106.<\/p>\n<p>With the decision, the following changes have been made in the investment amounts and in some conditions;<\/p>\n<p>The requirement to make a fixed capital investment of at least US $ 2,000,000 has been reduced to USD 500,000. (the relevant investment should be determined by the Ministry of Industry and Technology.)<\/p>\n<p>A minimum of USD 1,000,000 of immovable property has been reduced to US $ 250,000 or foreign currency \/ Turkish Lira. (The property should be determined by the Ministry of Environment and Urbanization purchased, provided that the real estate is not sold for three years to the land registry records.)<\/p>\n<p>The requirement of creating at least 100 employees has been reduced to 50 people. (It should be determined by the Ministry of Family, Labor and Social Services in which the employment is created.)<\/p>\n<p>At least three million US Dollars requirement to keep deposits in banks operating in Turkey US $ 500,000 or its equivalent in foreign currency \/ was reduced to Turkish Lira. (Holds the relevant bank for 3 (three) years and this must be determined by the Banking Regulation and Supervision Agency.<\/p>\n<p>The purchase of government debt instruments amounting to USD 3,000,000 has been reduced to USD 500,000 or equivalent to Turkish Lira \/ Turkish Lira. (The holding shall be determined by the Treasury and the Ministry of Finance for 3 (3) years).<\/p>\n<p>In addition to the above, the foreign citizens determined by the Capital Markets Board, on the condition of holding the minimum amount of USD 500.000 or equivalent foreign currency or Turkish Lira real estate investment fund participation share or venture capital investment fund participation amount for at least 3 (three) years, Turkish Citizenship it can be found in exceptional cases.<\/p>\n<p>Complete research and follow-up of the procedures before the application will ensure that the investments are carried out consciously.[\/vc_column_text][\/vc_column][vc_column width=&#8221;1\/3&#8243;]\n<div class=\"wpcf7 no-js\" id=\"wpcf7-f112-o2\" lang=\"en-US\" dir=\"ltr\">\n<div class=\"screen-reader-response\"><p role=\"status\" aria-live=\"polite\" aria-atomic=\"true\"><\/p> <ul><\/ul><\/div>\n<form action=\"\/en\/wp-json\/wp\/v2\/pages\/1827#wpcf7-f112-o2\" method=\"post\" class=\"wpcf7-form init\" aria-label=\"Contact form\" novalidate=\"novalidate\" data-status=\"init\">\n<div style=\"display: none;\">\n<input type=\"hidden\" name=\"_wpcf7\" value=\"112\" \/>\n<input type=\"hidden\" name=\"_wpcf7_version\" value=\"5.9.5\" \/>\n<input type=\"hidden\" name=\"_wpcf7_locale\" value=\"en_US\" \/>\n<input type=\"hidden\" name=\"_wpcf7_unit_tag\" value=\"wpcf7-f112-o2\" \/>\n<input type=\"hidden\" name=\"_wpcf7_container_post\" value=\"0\" \/>\n<input type=\"hidden\" name=\"_wpcf7_posted_data_hash\" value=\"\" \/>\n<\/div>\n<div class=\"row\">\n\t<div class=\"col-sm-12 form-group\">\n\t\t<p><span class=\"wpcf7-form-control-wrap\" data-name=\"name\"><input size=\"40\" class=\"wpcf7-form-control wpcf7-text wpcf7-validates-as-required form-control\" aria-required=\"true\" aria-invalid=\"false\" placeholder=\"Ad ve Soyad *\" value=\"\" type=\"text\" name=\"name\" \/><\/span>\n\t\t<\/p>\n\t<\/div>\n\t<div class=\"col-sm-12 form-group\">\n\t\t<p><span class=\"wpcf7-form-control-wrap\" data-name=\"email\"><input size=\"40\" class=\"wpcf7-form-control wpcf7-email wpcf7-validates-as-required wpcf7-text wpcf7-validates-as-email form-control\" aria-required=\"true\" aria-invalid=\"false\" placeholder=\"E-Posta *\" value=\"\" type=\"email\" name=\"email\" \/><\/span>\n\t\t<\/p>\n\t<\/div>\n\t<div class=\"col-sm-12 form-group\">\n\t\t<p><span class=\"wpcf7-form-control-wrap\" data-name=\"subject\"><input size=\"40\" class=\"wpcf7-form-control wpcf7-text form-control\" aria-invalid=\"false\" placeholder=\"Telefon\" value=\"\" type=\"text\" name=\"subject\" \/><\/span>\n\t\t<\/p>\n\t<\/div>\n<\/div>\n<div class=\"form-group\">\n\t<p><span class=\"wpcf7-form-control-wrap\" data-name=\"message\"><textarea cols=\"40\" rows=\"7\" class=\"wpcf7-form-control wpcf7-textarea wpcf7-validates-as-required form-control\" aria-required=\"true\" aria-invalid=\"false\" placeholder=\"Talebiniz *\" name=\"message\"><\/textarea><\/span>\n\t<\/p>\n<\/div>\n<div class=\"form-group\">\n\t<p><input class=\"wpcf7-form-control wpcf7-submit has-spinner btn btn-default btn-wide\" type=\"submit\" value=\"G\u00f6nder\" \/>\n\t<\/p>\n<\/div><div class=\"wpcf7-response-output\" aria-hidden=\"true\"><\/div>\n<\/form>\n<\/div>\n[vc_single_image image=&#8221;1842&#8243; img_size=&#8221;medium&#8221;][\/vc_column][\/vc_row]<\/p>\n<\/div>","protected":false},"excerpt":{"rendered":"<p>[vc_row css=&#8221;.vc_custom_1546871733430{margin-top: 80px !important;margin-bottom: 80px !important;background-color: #bababa !important;}&#8221;][vc_column][vc_raw_html]JTNDYnIlM0UlMEE=[\/vc_raw_html][vc_raw_html]JTNDYnIlM0UlMEE=[\/vc_raw_html][\/vc_column][\/vc_row][vc_row css=&#8221;.vc_custom_1546855823043{padding-right: 30px !important;}&#8221;][vc_column width=&#8221;2\/3&#8243;][vc_column_text css_animation=&#8221;fadeInLeft&#8221; css=&#8221;.vc_custom_1547561964013{padding-right: 100px !important;padding-left: 100px !important;}&#8221;]CONDITIONS OF TURKISH CITIZENSHIP Minimum conditions and recent changes in the acquisition of Turkish citizenship as exceptional; According to the regulation amendment published in the official gazette on 19.09.2018, the convenience of Turkish citizenship was made exceptionally. Turkish&#8230;<\/p>\n","protected":false},"author":1,"featured_media":0,"parent":0,"menu_order":0,"comment_status":"closed","ping_status":"open","template":"page-full-onepage.php","meta":{"footnotes":""},"class_list":["post-1827","page","type-page","status-publish","hentry"],"yoast_head":"<!-- This site is optimized with the Yoast SEO plugin v24.2 - https:\/\/yoast.com\/wordpress\/plugins\/seo\/ -->\n<title>APPLICATION FOR TURKISH CITIZENSHIP - Fayyad Group<\/title>\n<meta name=\"robots\" content=\"index, follow, max-snippet:-1, max-image-preview:large, max-video-preview:-1\" \/>\n<link rel=\"canonical\" href=\"https:\/\/fayyadgroup.com\/turk-vatandasligi-basvurusu\/\" \/>\n<meta property=\"og:locale\" content=\"en_US\" \/>\n<meta property=\"og:type\" content=\"article\" \/>\n<meta property=\"og:title\" content=\"APPLICATION FOR TURKISH CITIZENSHIP - Fayyad Group\" \/>\n<meta property=\"og:description\" content=\"[vc_row css=&#8221;.vc_custom_1546871733430{margin-top: 80px !important;margin-bottom: 80px !important;background-color: #bababa !important;}&#8221;][vc_column][vc_raw_html]JTNDYnIlM0UlMEE=[\/vc_raw_html][vc_raw_html]JTNDYnIlM0UlMEE=[\/vc_raw_html][\/vc_column][\/vc_row][vc_row css=&#8221;.vc_custom_1546855823043{padding-right: 30px !important;}&#8221;][vc_column width=&#8221;2\/3&#8243;][vc_column_text css_animation=&#8221;fadeInLeft&#8221; css=&#8221;.vc_custom_1547561964013{padding-right: 100px !important;padding-left: 100px !important;}&#8221;]CONDITIONS OF TURKISH CITIZENSHIP Minimum conditions and recent changes in the acquisition of Turkish citizenship as exceptional; According to the regulation amendment published in the official gazette on 19.09.2018, the convenience of Turkish citizenship was made exceptionally. Turkish...\" \/>\n<meta property=\"og:url\" content=\"https:\/\/fayyadgroup.com\/turk-vatandasligi-basvurusu\/\" \/>\n<meta property=\"og:site_name\" content=\"Fayyad Group\" \/>\n<meta property=\"article:publisher\" content=\"https:\/\/www.facebook.com\/fayyadgroup\/?modal=admin_todo_tour\" \/>\n<meta property=\"article:modified_time\" content=\"2019-06-12T10:31:38+00:00\" \/>\n<meta name=\"twitter:card\" content=\"summary_large_image\" \/>\n<meta name=\"twitter:label1\" content=\"Est. reading time\" \/>\n\t<meta name=\"twitter:data1\" content=\"13 minutes\" \/>\n<script type=\"application\/ld+json\" class=\"yoast-schema-graph\">{\"@context\":\"https:\/\/schema.org\",\"@graph\":[{\"@type\":\"WebPage\",\"@id\":\"https:\/\/fayyadgroup.com\/turk-vatandasligi-basvurusu\/\",\"url\":\"https:\/\/fayyadgroup.com\/turk-vatandasligi-basvurusu\/\",\"name\":\"APPLICATION FOR TURKISH CITIZENSHIP - Fayyad Group\",\"isPartOf\":{\"@id\":\"https:\/\/fayyadgroup.com\/#website\"},\"datePublished\":\"2019-01-07T12:14:29+00:00\",\"dateModified\":\"2019-06-12T10:31:38+00:00\",\"breadcrumb\":{\"@id\":\"https:\/\/fayyadgroup.com\/turk-vatandasligi-basvurusu\/#breadcrumb\"},\"inLanguage\":\"en-US\",\"potentialAction\":[{\"@type\":\"ReadAction\",\"target\":[\"https:\/\/fayyadgroup.com\/turk-vatandasligi-basvurusu\/\"]}]},{\"@type\":\"BreadcrumbList\",\"@id\":\"https:\/\/fayyadgroup.com\/turk-vatandasligi-basvurusu\/#breadcrumb\",\"itemListElement\":[{\"@type\":\"ListItem\",\"position\":1,\"name\":\"Ana sayfa\",\"item\":\"https:\/\/fayyadgroup.com\/\"},{\"@type\":\"ListItem\",\"position\":2,\"name\":\"T\u00dcRK VATANDA\u015eLI\u011eI BA\u015eVURUSU\"}]},{\"@type\":\"WebSite\",\"@id\":\"https:\/\/fayyadgroup.com\/#website\",\"url\":\"https:\/\/fayyadgroup.com\/\",\"name\":\"Fayyad Group\",\"description\":\"Consulting and Investment\",\"publisher\":{\"@id\":\"https:\/\/fayyadgroup.com\/#organization\"},\"potentialAction\":[{\"@type\":\"SearchAction\",\"target\":{\"@type\":\"EntryPoint\",\"urlTemplate\":\"https:\/\/fayyadgroup.com\/?s={search_term_string}\"},\"query-input\":{\"@type\":\"PropertyValueSpecification\",\"valueRequired\":true,\"valueName\":\"search_term_string\"}}],\"inLanguage\":\"en-US\"},{\"@type\":\"Organization\",\"@id\":\"https:\/\/fayyadgroup.com\/#organization\",\"name\":\"Fayyad Group\",\"url\":\"https:\/\/fayyadgroup.com\/\",\"logo\":{\"@type\":\"ImageObject\",\"inLanguage\":\"en-US\",\"@id\":\"https:\/\/fayyadgroup.com\/#\/schema\/logo\/image\/\",\"url\":\"https:\/\/fayyadgroup.com\/wp-content\/uploads\/2019\/01\/ovallogo.png\",\"contentUrl\":\"https:\/\/fayyadgroup.com\/wp-content\/uploads\/2019\/01\/ovallogo.png\",\"width\":834,\"height\":836,\"caption\":\"Fayyad Group\"},\"image\":{\"@id\":\"https:\/\/fayyadgroup.com\/#\/schema\/logo\/image\/\"},\"sameAs\":[\"https:\/\/www.facebook.com\/fayyadgroup\/?modal=admin_todo_tour\",\"https:\/\/www.instagram.com\/fayyad.group\/\"]}]}<\/script>\n<!-- \/ Yoast SEO plugin. -->","yoast_head_json":{"title":"APPLICATION FOR TURKISH CITIZENSHIP - Fayyad Group","robots":{"index":"index","follow":"follow","max-snippet":"max-snippet:-1","max-image-preview":"max-image-preview:large","max-video-preview":"max-video-preview:-1"},"canonical":"https:\/\/fayyadgroup.com\/turk-vatandasligi-basvurusu\/","og_locale":"en_US","og_type":"article","og_title":"APPLICATION FOR TURKISH CITIZENSHIP - Fayyad Group","og_description":"[vc_row css=&#8221;.vc_custom_1546871733430{margin-top: 80px !important;margin-bottom: 80px !important;background-color: #bababa !important;}&#8221;][vc_column][vc_raw_html]JTNDYnIlM0UlMEE=[\/vc_raw_html][vc_raw_html]JTNDYnIlM0UlMEE=[\/vc_raw_html][\/vc_column][\/vc_row][vc_row css=&#8221;.vc_custom_1546855823043{padding-right: 30px !important;}&#8221;][vc_column width=&#8221;2\/3&#8243;][vc_column_text css_animation=&#8221;fadeInLeft&#8221; css=&#8221;.vc_custom_1547561964013{padding-right: 100px !important;padding-left: 100px !important;}&#8221;]CONDITIONS OF TURKISH CITIZENSHIP Minimum conditions and recent changes in the acquisition of Turkish citizenship as exceptional; According to the regulation amendment published in the official gazette on 19.09.2018, the convenience of Turkish citizenship was made exceptionally. Turkish...","og_url":"https:\/\/fayyadgroup.com\/turk-vatandasligi-basvurusu\/","og_site_name":"Fayyad Group","article_publisher":"https:\/\/www.facebook.com\/fayyadgroup\/?modal=admin_todo_tour","article_modified_time":"2019-06-12T10:31:38+00:00","twitter_card":"summary_large_image","twitter_misc":{"Est. reading time":"13 minutes"},"schema":{"@context":"https:\/\/schema.org","@graph":[{"@type":"WebPage","@id":"https:\/\/fayyadgroup.com\/turk-vatandasligi-basvurusu\/","url":"https:\/\/fayyadgroup.com\/turk-vatandasligi-basvurusu\/","name":"APPLICATION FOR TURKISH CITIZENSHIP - Fayyad Group","isPartOf":{"@id":"https:\/\/fayyadgroup.com\/#website"},"datePublished":"2019-01-07T12:14:29+00:00","dateModified":"2019-06-12T10:31:38+00:00","breadcrumb":{"@id":"https:\/\/fayyadgroup.com\/turk-vatandasligi-basvurusu\/#breadcrumb"},"inLanguage":"en-US","potentialAction":[{"@type":"ReadAction","target":["https:\/\/fayyadgroup.com\/turk-vatandasligi-basvurusu\/"]}]},{"@type":"BreadcrumbList","@id":"https:\/\/fayyadgroup.com\/turk-vatandasligi-basvurusu\/#breadcrumb","itemListElement":[{"@type":"ListItem","position":1,"name":"Ana sayfa","item":"https:\/\/fayyadgroup.com\/"},{"@type":"ListItem","position":2,"name":"T\u00dcRK VATANDA\u015eLI\u011eI BA\u015eVURUSU"}]},{"@type":"WebSite","@id":"https:\/\/fayyadgroup.com\/#website","url":"https:\/\/fayyadgroup.com\/","name":"Fayyad Group","description":"Consulting and Investment","publisher":{"@id":"https:\/\/fayyadgroup.com\/#organization"},"potentialAction":[{"@type":"SearchAction","target":{"@type":"EntryPoint","urlTemplate":"https:\/\/fayyadgroup.com\/?s={search_term_string}"},"query-input":{"@type":"PropertyValueSpecification","valueRequired":true,"valueName":"search_term_string"}}],"inLanguage":"en-US"},{"@type":"Organization","@id":"https:\/\/fayyadgroup.com\/#organization","name":"Fayyad Group","url":"https:\/\/fayyadgroup.com\/","logo":{"@type":"ImageObject","inLanguage":"en-US","@id":"https:\/\/fayyadgroup.com\/#\/schema\/logo\/image\/","url":"https:\/\/fayyadgroup.com\/wp-content\/uploads\/2019\/01\/ovallogo.png","contentUrl":"https:\/\/fayyadgroup.com\/wp-content\/uploads\/2019\/01\/ovallogo.png","width":834,"height":836,"caption":"Fayyad Group"},"image":{"@id":"https:\/\/fayyadgroup.com\/#\/schema\/logo\/image\/"},"sameAs":["https:\/\/www.facebook.com\/fayyadgroup\/?modal=admin_todo_tour","https:\/\/www.instagram.com\/fayyad.group\/"]}]}},"_links":{"self":[{"href":"https:\/\/fayyadgroup.com\/en\/wp-json\/wp\/v2\/pages\/1827","targetHints":{"allow":["GET"]}}],"collection":[{"href":"https:\/\/fayyadgroup.com\/en\/wp-json\/wp\/v2\/pages"}],"about":[{"href":"https:\/\/fayyadgroup.com\/en\/wp-json\/wp\/v2\/types\/page"}],"author":[{"embeddable":true,"href":"https:\/\/fayyadgroup.com\/en\/wp-json\/wp\/v2\/users\/1"}],"replies":[{"embeddable":true,"href":"https:\/\/fayyadgroup.com\/en\/wp-json\/wp\/v2\/comments?post=1827"}],"version-history":[{"count":12,"href":"https:\/\/fayyadgroup.com\/en\/wp-json\/wp\/v2\/pages\/1827\/revisions"}],"predecessor-version":[{"id":2027,"href":"https:\/\/fayyadgroup.com\/en\/wp-json\/wp\/v2\/pages\/1827\/revisions\/2027"}],"wp:attachment":[{"href":"https:\/\/fayyadgroup.com\/en\/wp-json\/wp\/v2\/media?parent=1827"}],"curies":[{"name":"wp","href":"https:\/\/api.w.org\/{rel}","templated":true}]}}