{"id":1846,"date":"2019-01-07T15:07:38","date_gmt":"2019-01-07T13:07:38","guid":{"rendered":"http:\/\/fayyadgroup.com\/?page_id=1846"},"modified":"2019-06-12T13:32:56","modified_gmt":"2019-06-12T10:32:56","slug":"yabanci-personel-calistirma-ve-ikamet-izni","status":"publish","type":"page","link":"https:\/\/fayyadgroup.com\/en\/yabanci-personel-calistirma-ve-ikamet-izni\/","title":{"rendered":"FOREIGN PERSONNEL WORK AND RESIDENCE PERMIT"},"content":{"rendered":"<div class=\"wpb-content-wrapper\"><p>[vc_row css=&#8221;.vc_custom_1546871210164{margin-top: 80px !important;margin-bottom: 80px !important;background-color: #bababa !important;}&#8221;][vc_column][vc_raw_html]JTNDYnIlM0UlMEE=[\/vc_raw_html]\n\t<h2 class=\"header-main\"\n\t                                                 style=\"color: ; background-color: #bababa;\">FOREIGN PERSONNEL WORK AND RESIDENCE PERMIT<\/h2>\n\t<span class=\"header-sub\" style=\"color: #bababa; background-color: #bababa;\"><\/span>\n\n\t[vc_raw_html]JTNDYnIlM0UlMEE=[\/vc_raw_html][\/vc_column][\/vc_row][vc_row css=&#8221;.vc_custom_1546855823043{padding-right: 30px !important;}&#8221;][vc_column width=&#8221;2\/3&#8243;][vc_column_text css_animation=&#8221;fadeInLeft&#8221; css=&#8221;.vc_custom_1547562070310{padding-right: 100px !important;padding-left: 100px !important;}&#8221;]<strong>Foreign Work Permit<\/strong><br \/>\nFayyad Consulting, with over 5 years of experience and more than 70 qualified personnel working with you in every step from the work permit to the completion of the document acquisition.<br \/>\nFayyad Consulting is a corporate consultancy company with more than 30% of its employees working between 8-20 years.<\/p>\n<p>Even if you are not working with us, do not hesitate to call and receive information.<\/p>\n<p>The Ministry makes a study of the work permit application files in consideration of the following criteria.<\/p>\n<p>Situation in labor market, Developments in working life,<br \/>\nSectoral, geographical and economic conjuncture related to employment,<br \/>\nThe absence of Turkish personnel with the same qualifications to replace the foreigner,<br \/>\nCountry of foreign personnel,<br \/>\nForeign personnel&#8217;s area of \u200b\u200bexpertise, qualifications and competencies,<br \/>\nInformation indicating the special nature of the work,<br \/>\nThe contribution of the workplace to the national economy etc. issues,<br \/>\nA work permit is approved if foreign personnel are required.<\/p>\n<p>Employers wishing to employ foreign in Turkey are obliged to get permission from the Ministry of Labor Studies.<\/p>\n<p>Foreign personnel The work done without work permit is accepted as illegal work. Administrative fines shall be imposed on the employer and the foreigner if it is detected in the audits. Also foreign can be deported.<\/p>\n<p><strong>WORK PERMIT TO BE TAKEN;<\/strong><br \/>\nThe profession of the foreigner, the previous information registered in official institutions, the legal requirements of the Employer must be sufficient.<\/p>\n<p><strong>RUN AN EMPLOYER IN TURKEY FOR FOREIGN STAFF order;<\/strong><br \/>\nThe company&#8217;s paid-in capital must be at least 100.000 TL or gross sales must be at least 800.000 TL or in the last year it must be at least 250.000 US dollars.<\/p>\n<p>It is a legal obligation to employ at least 5 Turkish citizens for each foreigner to be employed, except for the foreigners who will work in the works received by the state tender.<\/p>\n<p><strong>CHARGE SUBMISSION TO FOREIGNERS:<\/strong><br \/>\nThe lower limit of the wages to be paid by the employers according to their jobs and the jobs they will employ is determined by the Ministry.<\/p>\n<p><strong>Gross wages of the employer;<\/strong><\/p>\n<ol>\n<li>For senior managers, pilots and engineers and architects requesting preliminary permission; 6.5 times the minimum wage.<\/li>\n<li>It is 4 times the minimum wage for Engineers and architects and Unit or branch managers.<\/li>\n<li>Teachers and psychologists, physiotherapists, masseurs, masseuses, musicians, stage artists, acrobat and other foreigners to work in the title and specialization and mastering jobs for those who work is 3 times the minimum wage.<\/li>\n<li>For domestic services, salespersons, marketing-exporters, etc. are required to be twice the minimum wage for foreigners.<\/li>\n<\/ol>\n<p>[\/vc_column_text][\/vc_column][vc_column width=&#8221;1\/3&#8243;]\n<div class=\"wpcf7 no-js\" id=\"wpcf7-f112-o2\" lang=\"en-US\" dir=\"ltr\">\n<div class=\"screen-reader-response\"><p role=\"status\" aria-live=\"polite\" aria-atomic=\"true\"><\/p> <ul><\/ul><\/div>\n<form action=\"\/en\/wp-json\/wp\/v2\/pages\/1846#wpcf7-f112-o2\" method=\"post\" class=\"wpcf7-form init\" aria-label=\"Contact form\" novalidate=\"novalidate\" data-status=\"init\">\n<div style=\"display: none;\">\n<input type=\"hidden\" name=\"_wpcf7\" value=\"112\" \/>\n<input type=\"hidden\" name=\"_wpcf7_version\" value=\"5.9.5\" \/>\n<input type=\"hidden\" name=\"_wpcf7_locale\" value=\"en_US\" \/>\n<input type=\"hidden\" name=\"_wpcf7_unit_tag\" value=\"wpcf7-f112-o2\" \/>\n<input type=\"hidden\" name=\"_wpcf7_container_post\" value=\"0\" \/>\n<input type=\"hidden\" name=\"_wpcf7_posted_data_hash\" value=\"\" \/>\n<\/div>\n<div class=\"row\">\n\t<div class=\"col-sm-12 form-group\">\n\t\t<p><span class=\"wpcf7-form-control-wrap\" data-name=\"name\"><input size=\"40\" class=\"wpcf7-form-control wpcf7-text wpcf7-validates-as-required form-control\" aria-required=\"true\" aria-invalid=\"false\" placeholder=\"Ad ve Soyad *\" value=\"\" type=\"text\" name=\"name\" \/><\/span>\n\t\t<\/p>\n\t<\/div>\n\t<div class=\"col-sm-12 form-group\">\n\t\t<p><span class=\"wpcf7-form-control-wrap\" data-name=\"email\"><input size=\"40\" class=\"wpcf7-form-control wpcf7-email wpcf7-validates-as-required wpcf7-text wpcf7-validates-as-email form-control\" aria-required=\"true\" aria-invalid=\"false\" placeholder=\"E-Posta *\" value=\"\" type=\"email\" name=\"email\" \/><\/span>\n\t\t<\/p>\n\t<\/div>\n\t<div class=\"col-sm-12 form-group\">\n\t\t<p><span class=\"wpcf7-form-control-wrap\" data-name=\"subject\"><input size=\"40\" class=\"wpcf7-form-control wpcf7-text form-control\" aria-invalid=\"false\" placeholder=\"Telefon\" value=\"\" type=\"text\" name=\"subject\" \/><\/span>\n\t\t<\/p>\n\t<\/div>\n<\/div>\n<div class=\"form-group\">\n\t<p><span class=\"wpcf7-form-control-wrap\" data-name=\"message\"><textarea cols=\"40\" rows=\"7\" class=\"wpcf7-form-control wpcf7-textarea wpcf7-validates-as-required form-control\" aria-required=\"true\" aria-invalid=\"false\" placeholder=\"Talebiniz *\" name=\"message\"><\/textarea><\/span>\n\t<\/p>\n<\/div>\n<div class=\"form-group\">\n\t<p><input class=\"wpcf7-form-control wpcf7-submit has-spinner btn btn-default btn-wide\" type=\"submit\" value=\"G\u00f6nder\" \/>\n\t<\/p>\n<\/div><div class=\"wpcf7-response-output\" aria-hidden=\"true\"><\/div>\n<\/form>\n<\/div>\n[vc_single_image image=&#8221;1847&#8243; img_size=&#8221;medium&#8221;][\/vc_column][\/vc_row]<\/p>\n<\/div>","protected":false},"excerpt":{"rendered":"<p>[vc_row css=&#8221;.vc_custom_1546871210164{margin-top: 80px !important;margin-bottom: 80px !important;background-color: #bababa !important;}&#8221;][vc_column][vc_raw_html]JTNDYnIlM0UlMEE=[\/vc_raw_html][vc_raw_html]JTNDYnIlM0UlMEE=[\/vc_raw_html][\/vc_column][\/vc_row][vc_row css=&#8221;.vc_custom_1546855823043{padding-right: 30px !important;}&#8221;][vc_column width=&#8221;2\/3&#8243;][vc_column_text css_animation=&#8221;fadeInLeft&#8221; css=&#8221;.vc_custom_1547562070310{padding-right: 100px !important;padding-left: 100px !important;}&#8221;]Foreign Work Permit Fayyad Consulting, with over 5 years of experience and more than 70 qualified personnel working with you in every step from the work permit to the completion of the document acquisition. Fayyad Consulting is a&#8230;<\/p>\n","protected":false},"author":1,"featured_media":0,"parent":0,"menu_order":0,"comment_status":"closed","ping_status":"closed","template":"page-full-onepage.php","meta":{"footnotes":""},"class_list":["post-1846","page","type-page","status-publish","hentry"],"yoast_head":"<!-- This site is optimized with the Yoast SEO plugin v24.2 - https:\/\/yoast.com\/wordpress\/plugins\/seo\/ -->\n<title>FOREIGN PERSONNEL WORK AND RESIDENCE PERMIT - Fayyad Group<\/title>\n<meta name=\"robots\" content=\"index, follow, max-snippet:-1, max-image-preview:large, max-video-preview:-1\" \/>\n<link rel=\"canonical\" href=\"https:\/\/fayyadgroup.com\/yabanci-personel-calistirma-ve-ikamet-izni\/\" \/>\n<meta property=\"og:locale\" content=\"en_US\" \/>\n<meta property=\"og:type\" content=\"article\" \/>\n<meta property=\"og:title\" content=\"FOREIGN PERSONNEL WORK AND RESIDENCE PERMIT - Fayyad Group\" \/>\n<meta property=\"og:description\" content=\"[vc_row css=&#8221;.vc_custom_1546871210164{margin-top: 80px !important;margin-bottom: 80px !important;background-color: #bababa !important;}&#8221;][vc_column][vc_raw_html]JTNDYnIlM0UlMEE=[\/vc_raw_html][vc_raw_html]JTNDYnIlM0UlMEE=[\/vc_raw_html][\/vc_column][\/vc_row][vc_row css=&#8221;.vc_custom_1546855823043{padding-right: 30px !important;}&#8221;][vc_column width=&#8221;2\/3&#8243;][vc_column_text css_animation=&#8221;fadeInLeft&#8221; css=&#8221;.vc_custom_1547562070310{padding-right: 100px !important;padding-left: 100px !important;}&#8221;]Foreign Work Permit Fayyad Consulting, with over 5 years of experience and more than 70 qualified personnel working with you in every step from the work permit to the completion of the document acquisition. Fayyad Consulting is a...\" \/>\n<meta property=\"og:url\" content=\"https:\/\/fayyadgroup.com\/yabanci-personel-calistirma-ve-ikamet-izni\/\" \/>\n<meta property=\"og:site_name\" content=\"Fayyad Group\" \/>\n<meta property=\"article:publisher\" content=\"https:\/\/www.facebook.com\/fayyadgroup\/?modal=admin_todo_tour\" \/>\n<meta property=\"article:modified_time\" content=\"2019-06-12T10:32:56+00:00\" \/>\n<meta name=\"twitter:card\" content=\"summary_large_image\" \/>\n<meta name=\"twitter:label1\" content=\"Est. reading time\" \/>\n\t<meta name=\"twitter:data1\" content=\"9 minutes\" \/>\n<script type=\"application\/ld+json\" class=\"yoast-schema-graph\">{\"@context\":\"https:\/\/schema.org\",\"@graph\":[{\"@type\":\"WebPage\",\"@id\":\"https:\/\/fayyadgroup.com\/yabanci-personel-calistirma-ve-ikamet-izni\/\",\"url\":\"https:\/\/fayyadgroup.com\/yabanci-personel-calistirma-ve-ikamet-izni\/\",\"name\":\"FOREIGN PERSONNEL WORK AND RESIDENCE PERMIT - Fayyad Group\",\"isPartOf\":{\"@id\":\"https:\/\/fayyadgroup.com\/#website\"},\"datePublished\":\"2019-01-07T13:07:38+00:00\",\"dateModified\":\"2019-06-12T10:32:56+00:00\",\"breadcrumb\":{\"@id\":\"https:\/\/fayyadgroup.com\/yabanci-personel-calistirma-ve-ikamet-izni\/#breadcrumb\"},\"inLanguage\":\"en-US\",\"potentialAction\":[{\"@type\":\"ReadAction\",\"target\":[\"https:\/\/fayyadgroup.com\/yabanci-personel-calistirma-ve-ikamet-izni\/\"]}]},{\"@type\":\"BreadcrumbList\",\"@id\":\"https:\/\/fayyadgroup.com\/yabanci-personel-calistirma-ve-ikamet-izni\/#breadcrumb\",\"itemListElement\":[{\"@type\":\"ListItem\",\"position\":1,\"name\":\"Ana sayfa\",\"item\":\"https:\/\/fayyadgroup.com\/\"},{\"@type\":\"ListItem\",\"position\":2,\"name\":\"YABANCI PERSONEL \u00c7ALI\u015eMA VE \u0130KAMET \u0130ZN\u0130\"}]},{\"@type\":\"WebSite\",\"@id\":\"https:\/\/fayyadgroup.com\/#website\",\"url\":\"https:\/\/fayyadgroup.com\/\",\"name\":\"Fayyad Group\",\"description\":\"Consulting and Investment\",\"publisher\":{\"@id\":\"https:\/\/fayyadgroup.com\/#organization\"},\"potentialAction\":[{\"@type\":\"SearchAction\",\"target\":{\"@type\":\"EntryPoint\",\"urlTemplate\":\"https:\/\/fayyadgroup.com\/?s={search_term_string}\"},\"query-input\":{\"@type\":\"PropertyValueSpecification\",\"valueRequired\":true,\"valueName\":\"search_term_string\"}}],\"inLanguage\":\"en-US\"},{\"@type\":\"Organization\",\"@id\":\"https:\/\/fayyadgroup.com\/#organization\",\"name\":\"Fayyad Group\",\"url\":\"https:\/\/fayyadgroup.com\/\",\"logo\":{\"@type\":\"ImageObject\",\"inLanguage\":\"en-US\",\"@id\":\"https:\/\/fayyadgroup.com\/#\/schema\/logo\/image\/\",\"url\":\"https:\/\/fayyadgroup.com\/wp-content\/uploads\/2019\/01\/ovallogo.png\",\"contentUrl\":\"https:\/\/fayyadgroup.com\/wp-content\/uploads\/2019\/01\/ovallogo.png\",\"width\":834,\"height\":836,\"caption\":\"Fayyad Group\"},\"image\":{\"@id\":\"https:\/\/fayyadgroup.com\/#\/schema\/logo\/image\/\"},\"sameAs\":[\"https:\/\/www.facebook.com\/fayyadgroup\/?modal=admin_todo_tour\",\"https:\/\/www.instagram.com\/fayyad.group\/\"]}]}<\/script>\n<!-- \/ Yoast SEO plugin. -->","yoast_head_json":{"title":"FOREIGN PERSONNEL WORK AND RESIDENCE PERMIT - Fayyad Group","robots":{"index":"index","follow":"follow","max-snippet":"max-snippet:-1","max-image-preview":"max-image-preview:large","max-video-preview":"max-video-preview:-1"},"canonical":"https:\/\/fayyadgroup.com\/yabanci-personel-calistirma-ve-ikamet-izni\/","og_locale":"en_US","og_type":"article","og_title":"FOREIGN PERSONNEL WORK AND RESIDENCE PERMIT - Fayyad Group","og_description":"[vc_row css=&#8221;.vc_custom_1546871210164{margin-top: 80px !important;margin-bottom: 80px !important;background-color: #bababa !important;}&#8221;][vc_column][vc_raw_html]JTNDYnIlM0UlMEE=[\/vc_raw_html][vc_raw_html]JTNDYnIlM0UlMEE=[\/vc_raw_html][\/vc_column][\/vc_row][vc_row css=&#8221;.vc_custom_1546855823043{padding-right: 30px !important;}&#8221;][vc_column width=&#8221;2\/3&#8243;][vc_column_text css_animation=&#8221;fadeInLeft&#8221; css=&#8221;.vc_custom_1547562070310{padding-right: 100px !important;padding-left: 100px !important;}&#8221;]Foreign Work Permit Fayyad Consulting, with over 5 years of experience and more than 70 qualified personnel working with you in every step from the work permit to the completion of the document acquisition. Fayyad Consulting is a...","og_url":"https:\/\/fayyadgroup.com\/yabanci-personel-calistirma-ve-ikamet-izni\/","og_site_name":"Fayyad Group","article_publisher":"https:\/\/www.facebook.com\/fayyadgroup\/?modal=admin_todo_tour","article_modified_time":"2019-06-12T10:32:56+00:00","twitter_card":"summary_large_image","twitter_misc":{"Est. reading time":"9 minutes"},"schema":{"@context":"https:\/\/schema.org","@graph":[{"@type":"WebPage","@id":"https:\/\/fayyadgroup.com\/yabanci-personel-calistirma-ve-ikamet-izni\/","url":"https:\/\/fayyadgroup.com\/yabanci-personel-calistirma-ve-ikamet-izni\/","name":"FOREIGN PERSONNEL WORK AND RESIDENCE PERMIT - Fayyad Group","isPartOf":{"@id":"https:\/\/fayyadgroup.com\/#website"},"datePublished":"2019-01-07T13:07:38+00:00","dateModified":"2019-06-12T10:32:56+00:00","breadcrumb":{"@id":"https:\/\/fayyadgroup.com\/yabanci-personel-calistirma-ve-ikamet-izni\/#breadcrumb"},"inLanguage":"en-US","potentialAction":[{"@type":"ReadAction","target":["https:\/\/fayyadgroup.com\/yabanci-personel-calistirma-ve-ikamet-izni\/"]}]},{"@type":"BreadcrumbList","@id":"https:\/\/fayyadgroup.com\/yabanci-personel-calistirma-ve-ikamet-izni\/#breadcrumb","itemListElement":[{"@type":"ListItem","position":1,"name":"Ana sayfa","item":"https:\/\/fayyadgroup.com\/"},{"@type":"ListItem","position":2,"name":"YABANCI PERSONEL \u00c7ALI\u015eMA VE \u0130KAMET \u0130ZN\u0130"}]},{"@type":"WebSite","@id":"https:\/\/fayyadgroup.com\/#website","url":"https:\/\/fayyadgroup.com\/","name":"Fayyad Group","description":"Consulting and Investment","publisher":{"@id":"https:\/\/fayyadgroup.com\/#organization"},"potentialAction":[{"@type":"SearchAction","target":{"@type":"EntryPoint","urlTemplate":"https:\/\/fayyadgroup.com\/?s={search_term_string}"},"query-input":{"@type":"PropertyValueSpecification","valueRequired":true,"valueName":"search_term_string"}}],"inLanguage":"en-US"},{"@type":"Organization","@id":"https:\/\/fayyadgroup.com\/#organization","name":"Fayyad Group","url":"https:\/\/fayyadgroup.com\/","logo":{"@type":"ImageObject","inLanguage":"en-US","@id":"https:\/\/fayyadgroup.com\/#\/schema\/logo\/image\/","url":"https:\/\/fayyadgroup.com\/wp-content\/uploads\/2019\/01\/ovallogo.png","contentUrl":"https:\/\/fayyadgroup.com\/wp-content\/uploads\/2019\/01\/ovallogo.png","width":834,"height":836,"caption":"Fayyad Group"},"image":{"@id":"https:\/\/fayyadgroup.com\/#\/schema\/logo\/image\/"},"sameAs":["https:\/\/www.facebook.com\/fayyadgroup\/?modal=admin_todo_tour","https:\/\/www.instagram.com\/fayyad.group\/"]}]}},"_links":{"self":[{"href":"https:\/\/fayyadgroup.com\/en\/wp-json\/wp\/v2\/pages\/1846","targetHints":{"allow":["GET"]}}],"collection":[{"href":"https:\/\/fayyadgroup.com\/en\/wp-json\/wp\/v2\/pages"}],"about":[{"href":"https:\/\/fayyadgroup.com\/en\/wp-json\/wp\/v2\/types\/page"}],"author":[{"embeddable":true,"href":"https:\/\/fayyadgroup.com\/en\/wp-json\/wp\/v2\/users\/1"}],"replies":[{"embeddable":true,"href":"https:\/\/fayyadgroup.com\/en\/wp-json\/wp\/v2\/comments?post=1846"}],"version-history":[{"count":12,"href":"https:\/\/fayyadgroup.com\/en\/wp-json\/wp\/v2\/pages\/1846\/revisions"}],"predecessor-version":[{"id":2028,"href":"https:\/\/fayyadgroup.com\/en\/wp-json\/wp\/v2\/pages\/1846\/revisions\/2028"}],"wp:attachment":[{"href":"https:\/\/fayyadgroup.com\/en\/wp-json\/wp\/v2\/media?parent=1846"}],"curies":[{"name":"wp","href":"https:\/\/api.w.org\/{rel}","templated":true}]}}